{"id":24473,"date":"2023-03-03T10:05:47","date_gmt":"2023-03-03T09:05:47","guid":{"rendered":"https:\/\/anibaldeotero.es\/?post_type=product&#038;p=24473"},"modified":"2024-09-03T23:21:29","modified_gmt":"2024-09-03T21:21:29","slug":"terrafondada-2020","status":"publish","type":"product","link":"http:\/\/anibaldeotero.es\/nl\/product\/terrafondada-2020\/","title":{"rendered":"Terrafondada 2020"},"content":{"rendered":"<div class=\"page\" title=\"Page 1\">\n<div class=\"section\">\n<div class=\"layoutArea\">\n<div class=\"column\">\n<h5><em>env\u00edo gratuito a partir de 99\u20ac<\/em><\/h5>\n<p>Terrafondada is een wijn <strong>uitsluitend gemaakt van oude Mencia-wijnstokken\u00a0<\/strong>die groeien in het gelijknamige gebied. Het werd gemaakt in een bodemloos eikenhouten vat dat tot de rand gevuld was.\u00a0<strong>met handontsteelde druivenpitten,\u00a0<\/strong>knip korrel voor korrel met een schaar langs de bladsteel.<\/p>\n<p><strong>De loop is bedekt met plastic<\/strong>\u00a0vastzetten met een elastiekje, zodat het hermetisch gesloten is en zo\u00a0<strong>de clusters ondergaan koolzuurmaceratie.<\/strong>\u00a0Zodra het proces is voltooid, worden de korrels gevormd<strong>\u00a0se pisan a la manera tradicional y se prensa<\/strong>, om later malolactische gisting uit te voeren<strong> in Franse eikenhouten vaten met drie wijnen, waar het 20 maanden blijft.<\/strong><\/p>\n<\/div>\n<\/div>\n<\/div>\n<\/div>","protected":false},"excerpt":{"rendered":"<h5><em>Stuur ons een e-mail: info@anibaldeotero.es<\/em><\/h5>\n<p>Terrafondada is een wijn\u00a0<strong>uitsluitend gemaakt van oude Mencia-wijnstokken\u00a0<\/strong>die groeien in het gelijknamige gebied. Het werd gemaakt in een bodemloos eikenhouten vat dat tot de rand gevuld was.\u00a0<strong>met handontsteelde druivenpitten,\u00a0<\/strong>knip korrel voor korrel met een schaar langs de bladsteel.<\/p>\n<p><strong>De loop is bedekt met plastic<\/strong>\u00a0vastzetten met een elastiekje, zodat het hermetisch gesloten is en zo\u00a0<strong>de clusters ondergaan koolzuurmaceratie.<\/strong>\u00a0Zodra het proces is voltooid, worden de korrels gevormd<strong>\u00a0se pisan a la manera tradicional y se prensa<\/strong>, om later malolactische gisting uit te voeren<strong> in Franse eikenhouten vaten met drie wijnen, waar het 20 maanden blijft.<\/strong><\/p>","protected":false},"featured_media":24660,"comment_status":"open","ping_status":"closed","template":"","meta":[],"yoast_head":"<!-- This site is optimized with the Yoast SEO plugin v22.3 - https:\/\/yoast.com\/wordpress\/plugins\/seo\/ -->\n<title>Terrafondada 2020 - An\u00edbal de Otero<\/title>\n<meta name=\"description\" content=\"En Villa de Otero embotellamos una emoci\u00f3n, un origen, un pueblo\u2026 seleccionamos cepas espec\u00edficas de diferentes parajes,todas dentro del municipio de Otero, nuestro pueblo, todas con m\u00e1s de 90 a\u00f1os.\" \/>\n<meta name=\"robots\" content=\"index, follow, max-snippet:-1, max-image-preview:large, max-video-preview:-1\" \/>\n<link rel=\"canonical\" href=\"http:\/\/anibaldeotero.es\/nl\/product\/terrafondada-2020\/\" \/>\n<meta property=\"og:locale\" content=\"nl_NL\" \/>\n<meta property=\"og:type\" content=\"article\" \/>\n<meta property=\"og:title\" content=\"Terrafondada 2020 - An\u00edbal de Otero\" \/>\n<meta property=\"og:description\" content=\"En Villa de Otero embotellamos una emoci\u00f3n, un origen, un pueblo\u2026 seleccionamos cepas espec\u00edficas de diferentes parajes,todas dentro del municipio de Otero, nuestro pueblo, todas con m\u00e1s de 90 a\u00f1os.\" \/>\n<meta property=\"og:url\" content=\"http:\/\/anibaldeotero.es\/nl\/product\/terrafondada-2020\/\" \/>\n<meta property=\"og:site_name\" content=\"An\u00edbal de Otero\" \/>\n<meta property=\"article:modified_time\" content=\"2024-09-03T21:21:29+00:00\" \/>\n<meta property=\"og:image\" content=\"https:\/\/anibaldeotero.es\/wp-content\/uploads\/2023\/03\/Terrafondada-Vino.png\" \/>\n\t<meta property=\"og:image:width\" content=\"1050\" \/>\n\t<meta property=\"og:image:height\" content=\"1200\" \/>\n\t<meta property=\"og:image:type\" content=\"image\/png\" \/>\n<meta name=\"twitter:card\" content=\"summary_large_image\" \/>\n<meta name=\"twitter:label1\" content=\"Geschatte leestijd\" \/>\n\t<meta name=\"twitter:data1\" content=\"1 minuut\" \/>\n<script type=\"application\/ld+json\" class=\"yoast-schema-graph\">{\"@context\":\"https:\/\/schema.org\",\"@graph\":[{\"@type\":\"WebPage\",\"@id\":\"https:\/\/anibaldeotero.es\/producto\/terrafondada-2020\/\",\"url\":\"https:\/\/anibaldeotero.es\/producto\/terrafondada-2020\/\",\"name\":\"Terrafondada 2020 - An\u00edbal de Otero\",\"isPartOf\":{\"@id\":\"https:\/\/anibaldeotero.es\/de\/#website\"},\"primaryImageOfPage\":{\"@id\":\"https:\/\/anibaldeotero.es\/producto\/terrafondada-2020\/#primaryimage\"},\"image\":{\"@id\":\"https:\/\/anibaldeotero.es\/producto\/terrafondada-2020\/#primaryimage\"},\"thumbnailUrl\":\"https:\/\/anibaldeotero.es\/wp-content\/uploads\/2023\/03\/Terrafondada-Vino.png\",\"datePublished\":\"2023-03-03T09:05:47+00:00\",\"dateModified\":\"2024-09-03T21:21:29+00:00\",\"description\":\"En Villa de Otero embotellamos una emoci\u00f3n, un origen, un pueblo\u2026 seleccionamos cepas espec\u00edficas de diferentes parajes,todas dentro del municipio de Otero, nuestro pueblo, todas con m\u00e1s de 90 a\u00f1os.\",\"breadcrumb\":{\"@id\":\"https:\/\/anibaldeotero.es\/producto\/terrafondada-2020\/#breadcrumb\"},\"inLanguage\":\"nl-NL\",\"potentialAction\":[{\"@type\":\"ReadAction\",\"target\":[\"https:\/\/anibaldeotero.es\/producto\/terrafondada-2020\/\"]}]},{\"@type\":\"ImageObject\",\"inLanguage\":\"nl-NL\",\"@id\":\"https:\/\/anibaldeotero.es\/producto\/terrafondada-2020\/#primaryimage\",\"url\":\"https:\/\/anibaldeotero.es\/wp-content\/uploads\/2023\/03\/Terrafondada-Vino.png\",\"contentUrl\":\"https:\/\/anibaldeotero.es\/wp-content\/uploads\/2023\/03\/Terrafondada-Vino.png\",\"width\":1050,\"height\":1200,\"caption\":\"Terrafondada Vino\"},{\"@type\":\"BreadcrumbList\",\"@id\":\"https:\/\/anibaldeotero.es\/producto\/terrafondada-2020\/#breadcrumb\",\"itemListElement\":[{\"@type\":\"ListItem\",\"position\":1,\"name\":\"Portada\",\"item\":\"https:\/\/anibaldeotero.es\/\"},{\"@type\":\"ListItem\",\"position\":2,\"name\":\"Tienda\",\"item\":\"https:\/\/anibaldeotero.es\/tienda\/\"},{\"@type\":\"ListItem\",\"position\":3,\"name\":\"Terrafondada 2020\"}]},{\"@type\":\"WebSite\",\"@id\":\"https:\/\/anibaldeotero.es\/de\/#website\",\"url\":\"https:\/\/anibaldeotero.es\/de\/\",\"name\":\"An\u00edbal de Otero\",\"description\":\"Aut\u00e9ntico Vino del Bierzo\",\"potentialAction\":[{\"@type\":\"SearchAction\",\"target\":{\"@type\":\"EntryPoint\",\"urlTemplate\":\"https:\/\/anibaldeotero.es\/de\/?s={search_term_string}\"},\"query-input\":\"required name=search_term_string\"}],\"inLanguage\":\"nl-NL\"}]}<\/script>\n<!-- \/ Yoast SEO plugin. -->","yoast_head_json":{"title":"Terrafondada 2020 - An\u00edbal de Otero","description":"En Villa de Otero embotellamos una emoci\u00f3n, un origen, un pueblo\u2026 seleccionamos cepas espec\u00edficas de diferentes parajes,todas dentro del municipio de Otero, nuestro pueblo, todas con m\u00e1s de 90 a\u00f1os.","robots":{"index":"index","follow":"follow","max-snippet":"max-snippet:-1","max-image-preview":"max-image-preview:large","max-video-preview":"max-video-preview:-1"},"canonical":"http:\/\/anibaldeotero.es\/nl\/product\/terrafondada-2020\/","og_locale":"nl_NL","og_type":"article","og_title":"Terrafondada 2020 - An\u00edbal de Otero","og_description":"En Villa de Otero embotellamos una emoci\u00f3n, un origen, un pueblo\u2026 seleccionamos cepas espec\u00edficas de diferentes parajes,todas dentro del municipio de Otero, nuestro pueblo, todas con m\u00e1s de 90 a\u00f1os.","og_url":"http:\/\/anibaldeotero.es\/nl\/product\/terrafondada-2020\/","og_site_name":"An\u00edbal de Otero","article_modified_time":"2024-09-03T21:21:29+00:00","og_image":[{"width":1050,"height":1200,"url":"https:\/\/anibaldeotero.es\/wp-content\/uploads\/2023\/03\/Terrafondada-Vino.png","type":"image\/png"}],"twitter_card":"summary_large_image","twitter_misc":{"Geschatte leestijd":"1 minuut"},"schema":{"@context":"https:\/\/schema.org","@graph":[{"@type":"WebPage","@id":"https:\/\/anibaldeotero.es\/producto\/terrafondada-2020\/","url":"https:\/\/anibaldeotero.es\/producto\/terrafondada-2020\/","name":"Terrafondada 2020 - An\u00edbal de Otero","isPartOf":{"@id":"https:\/\/anibaldeotero.es\/de\/#website"},"primaryImageOfPage":{"@id":"https:\/\/anibaldeotero.es\/producto\/terrafondada-2020\/#primaryimage"},"image":{"@id":"https:\/\/anibaldeotero.es\/producto\/terrafondada-2020\/#primaryimage"},"thumbnailUrl":"https:\/\/anibaldeotero.es\/wp-content\/uploads\/2023\/03\/Terrafondada-Vino.png","datePublished":"2023-03-03T09:05:47+00:00","dateModified":"2024-09-03T21:21:29+00:00","description":"En Villa de Otero embotellamos una emoci\u00f3n, un origen, un pueblo\u2026 seleccionamos cepas espec\u00edficas de diferentes parajes,todas dentro del municipio de Otero, nuestro pueblo, todas con m\u00e1s de 90 a\u00f1os.","breadcrumb":{"@id":"https:\/\/anibaldeotero.es\/producto\/terrafondada-2020\/#breadcrumb"},"inLanguage":"nl-NL","potentialAction":[{"@type":"ReadAction","target":["https:\/\/anibaldeotero.es\/producto\/terrafondada-2020\/"]}]},{"@type":"ImageObject","inLanguage":"nl-NL","@id":"https:\/\/anibaldeotero.es\/producto\/terrafondada-2020\/#primaryimage","url":"https:\/\/anibaldeotero.es\/wp-content\/uploads\/2023\/03\/Terrafondada-Vino.png","contentUrl":"https:\/\/anibaldeotero.es\/wp-content\/uploads\/2023\/03\/Terrafondada-Vino.png","width":1050,"height":1200,"caption":"Terrafondada Vino"},{"@type":"BreadcrumbList","@id":"https:\/\/anibaldeotero.es\/producto\/terrafondada-2020\/#breadcrumb","itemListElement":[{"@type":"ListItem","position":1,"name":"Portada","item":"https:\/\/anibaldeotero.es\/"},{"@type":"ListItem","position":2,"name":"Tienda","item":"https:\/\/anibaldeotero.es\/tienda\/"},{"@type":"ListItem","position":3,"name":"Terrafondada 2020"}]},{"@type":"WebSite","@id":"https:\/\/anibaldeotero.es\/de\/#website","url":"https:\/\/anibaldeotero.es\/de\/","name":"An\u00edbal de Otero","description":"Aut\u00e9ntico Vino del Bierzo","potentialAction":[{"@type":"SearchAction","target":{"@type":"EntryPoint","urlTemplate":"https:\/\/anibaldeotero.es\/de\/?s={search_term_string}"},"query-input":"required name=search_term_string"}],"inLanguage":"nl-NL"}]}},"_links":{"self":[{"href":"http:\/\/anibaldeotero.es\/nl\/wp-json\/wp\/v2\/product\/24473"}],"collection":[{"href":"http:\/\/anibaldeotero.es\/nl\/wp-json\/wp\/v2\/product"}],"about":[{"href":"http:\/\/anibaldeotero.es\/nl\/wp-json\/wp\/v2\/types\/product"}],"replies":[{"embeddable":true,"href":"http:\/\/anibaldeotero.es\/nl\/wp-json\/wp\/v2\/comments?post=24473"}],"wp:featuredmedia":[{"embeddable":true,"href":"http:\/\/anibaldeotero.es\/nl\/wp-json\/wp\/v2\/media\/24660"}],"wp:attachment":[{"href":"http:\/\/anibaldeotero.es\/nl\/wp-json\/wp\/v2\/media?parent=24473"}],"curies":[{"name":"wp","href":"https:\/\/api.w.org\/{rel}","templated":true}]}}