{"id":24181,"date":"2020-11-15T16:38:09","date_gmt":"2020-11-15T15:38:09","guid":{"rendered":"https:\/\/anibaldeotero.es\/?page_id=24181"},"modified":"2020-11-17T13:45:19","modified_gmt":"2020-11-17T12:45:19","slug":"normativa","status":"publish","type":"page","link":"https:\/\/anibaldeotero.es\/de\/normativa\/","title":{"rendered":"Normativa"},"content":{"rendered":"<div class=\"vc_row wpb_row vc_row-fluid\"><div class=\"wpb_column vc_column_container vc_col-sm-12\"><div class=\"vc_column-inner\"><div class=\"wpb_wrapper\">\n\t<div class=\"wpb_text_column wpb_content_element\" >\n\t\t<div class=\"wpb_wrapper\">\n\t\t\t<h2>T\u00c9RMINOS Y CONDICIONES DE USO<\/h2>\n\n\t\t<\/div>\n\t<\/div>\n<div class=\"vc_tta-container\" data-vc-action=\"collapse\"><div class=\"vc_general vc_tta vc_tta-accordion vc_tta-color-grey vc_tta-style-classic vc_tta-shape-rounded vc_tta-o-shape-group vc_tta-controls-align-left\"><div class=\"vc_tta-panels-container\"><div class=\"vc_tta-panels\"><div class=\"vc_tta-panel vc_active\" id=\"condiciones-de-uso\" data-vc-content=\".vc_tta-panel-body\"><div class=\"vc_tta-panel-heading\"><h4 class=\"vc_tta-panel-title vc_tta-controls-icon-position-left\"><a href=\"#condiciones-de-uso\" data-vc-accordion data-vc-container=\".vc_tta-container\"><span class=\"vc_tta-title-text\">Condiciones de Uso<\/span><i class=\"vc_tta-controls-icon vc_tta-controls-icon-plus\"><\/i><\/a><\/h4><\/div><div class=\"vc_tta-panel-body\">\n\t<div class=\"wpb_text_column wpb_content_element\" >\n\t\t<div class=\"wpb_wrapper\">\n\t\t\t<p>El presente documento regula los t\u00e9rminos, condiciones y norma de uso del sitio www.anibaldeotero.es as\u00ed como las responsabilidades derivadas de la utilizaci\u00f3n de sus contenidos. El acceso y navegaci\u00f3n en el sitio supone las aceptaciones de las advertencias legales, condiciones y t\u00e9rminos de uso contenidas en ella.<\/p>\n\n\t\t<\/div>\n\t<\/div>\n<\/div><\/div><div class=\"vc_tta-panel\" id=\"venta-alcohol\" data-vc-content=\".vc_tta-panel-body\"><div class=\"vc_tta-panel-heading\"><h4 class=\"vc_tta-panel-title vc_tta-controls-icon-position-left\"><a href=\"#venta-alcohol\" data-vc-accordion data-vc-container=\".vc_tta-container\"><span class=\"vc_tta-title-text\">Venta de Alcohol<\/span><i class=\"vc_tta-controls-icon vc_tta-controls-icon-plus\"><\/i><\/a><\/h4><\/div><div class=\"vc_tta-panel-body\">\n\t<div class=\"wpb_text_column wpb_content_element\" >\n\t\t<div class=\"wpb_wrapper\">\n\t\t\t<p>Este comerciante se compromete a no permitir ninguna transacci\u00f3n que sea ilegal, o se considere por las marcas de tarjetas de cr\u00e9dito o el banco adquiriente, que pueda o tenga el potencial de da\u00f1ar la buena voluntad de los mismos o influir de manera negativa en ellos. Las siguientes actividades est\u00e1n prohibidas en virtud de los programas de las marcas de tarjetas: la venta u oferta de un producto o servicio que no sea de plena conformidad con todas las leyes aplicables al Comprador, Banco Emisor, Comerciante, Titular de la tarjeta, o tarjetas. Adem\u00e1s, las siguientes actividades tambi\u00e9n est\u00e1n prohibidas expl\u00edcitamente: &#8220;Venta de bebidas alcoh\u00f3licas a menores de 18 a\u00f1os&#8221;&#8221;<\/p>\n\n\t\t<\/div>\n\t<\/div>\n<\/div><\/div><div class=\"vc_tta-panel\" id=\"objeto\" data-vc-content=\".vc_tta-panel-body\"><div class=\"vc_tta-panel-heading\"><h4 class=\"vc_tta-panel-title vc_tta-controls-icon-position-left\"><a href=\"#objeto\" data-vc-accordion data-vc-container=\".vc_tta-container\"><span class=\"vc_tta-title-text\">Objeto<\/span><i class=\"vc_tta-controls-icon vc_tta-controls-icon-plus\"><\/i><\/a><\/h4><\/div><div class=\"vc_tta-panel-body\">\n\t<div class=\"wpb_text_column wpb_content_element\" >\n\t\t<div class=\"wpb_wrapper\">\n\t\t\t<p>En todo momento, el Usuario debe realizar un uso l\u00edcito de los servicios de la presente web, de acuerdo con la legalidad vigente, as\u00ed como las pr\u00e1cticas generalmente aceptadas en Internet. Ser\u00e1n los padres, tutores o representantes legales los \u00fanicos responsables de los actos realizados por los menores a su cargo.<\/p>\n\n\t\t<\/div>\n\t<\/div>\n<\/div><\/div><div class=\"vc_tta-panel\" id=\"registro-usuarios\" data-vc-content=\".vc_tta-panel-body\"><div class=\"vc_tta-panel-heading\"><h4 class=\"vc_tta-panel-title vc_tta-controls-icon-position-left\"><a href=\"#registro-usuarios\" data-vc-accordion data-vc-container=\".vc_tta-container\"><span class=\"vc_tta-title-text\">Registro de Usuarios<\/span><i class=\"vc_tta-controls-icon vc_tta-controls-icon-plus\"><\/i><\/a><\/h4><\/div><div class=\"vc_tta-panel-body\">\n\t<div class=\"wpb_text_column wpb_content_element\" >\n\t\t<div class=\"wpb_wrapper\">\n\t\t\t<p>Para acceder como usuario registrado deber\u00e1 cumplimentar el formulario de registro de forma \u00edntegra, correcta y veraz. Ser\u00e1 requisito imprescindible ser mayor de 18 a\u00f1os. Los menores de 18 a\u00f1os que han de tener el permiso de sus padres o tutores para proporcionar datos personales en este sitio web. Queda estrictamente prohibido incorporar datos de terceras personas ni a\u00fan mediando su consentimiento. Ser\u00e1 de exclusiva responsabilidad de cada usuario registrado la actualizaci\u00f3n de sus datos, as\u00ed como la custodia de su nombre de usuario y contrase\u00f1a.<\/p>\n\n\t\t<\/div>\n\t<\/div>\n<\/div><\/div><div class=\"vc_tta-panel\" id=\"medios-pago\" data-vc-content=\".vc_tta-panel-body\"><div class=\"vc_tta-panel-heading\"><h4 class=\"vc_tta-panel-title vc_tta-controls-icon-position-left\"><a href=\"#medios-pago\" data-vc-accordion data-vc-container=\".vc_tta-container\"><span class=\"vc_tta-title-text\">Medios de Pago<\/span><i class=\"vc_tta-controls-icon vc_tta-controls-icon-plus\"><\/i><\/a><\/h4><\/div><div class=\"vc_tta-panel-body\">\n\t<div class=\"wpb_text_column wpb_content_element\" >\n\t\t<div class=\"wpb_wrapper\">\n\t\t\t<p>El usuario podr\u00e1 pagar con tarjetas de cr\u00e9dito v\u00e1lidas Visa, Visa Electron, Mastercard y American Express as\u00ed como Pay Pal. El usuario manifiesta que es titular de la tarjeta de cr\u00e9dito utilizada para realizar la compra. Para proteger la privacidad y seguridad en las transacciones de pago online, los datos se transmiten de forma encriptada con certificaci\u00f3n SSL y las \u00faltimas t\u00e9cnicas de codificaci\u00f3n. Tras verificar que la tarjeta est\u00e1 adherida al sistema CES, el sistema contactar\u00e1 con el banco que la ha emitido para que el comprador autorice la compra. Cuando el banco confirme la autenticidad, se efectuar\u00e1 el cargo en la tarjeta. En caso contrario el pedido ser\u00e1 cancelado.<\/p>\n\n\t\t<\/div>\n\t<\/div>\n<\/div><\/div><div class=\"vc_tta-panel\" id=\"Legislacion\" data-vc-content=\".vc_tta-panel-body\"><div class=\"vc_tta-panel-heading\"><h4 class=\"vc_tta-panel-title vc_tta-controls-icon-position-left\"><a href=\"#Legislacion\" data-vc-accordion data-vc-container=\".vc_tta-container\"><span class=\"vc_tta-title-text\">Aceptaci\u00f3n de las Condiciones y Legislaci\u00f3n Aplicable<\/span><i class=\"vc_tta-controls-icon vc_tta-controls-icon-plus\"><\/i><\/a><\/h4><\/div><div class=\"vc_tta-panel-body\">\n\t<div class=\"wpb_text_column wpb_content_element\" >\n\t\t<div class=\"wpb_wrapper\">\n\t\t\t<p>El registro en <strong>An\u00edbal de Otero<\/strong> supone la aceptaci\u00f3n \u00edntegra de los presentes t\u00e9rminos. Todos los conflictos que se susciten en aplicaci\u00f3n de las presentes condiciones, se resolver\u00e1n conforme a la normativa espa\u00f1ola.<\/p>\n\n\t\t<\/div>\n\t<\/div>\n<\/div><\/div><\/div><\/div><\/div><\/div><\/div><\/div><\/div><\/div><div class=\"vc_row wpb_row vc_row-fluid\"><div class=\"wpb_column vc_column_container vc_col-sm-12\"><div class=\"vc_column-inner\"><div class=\"wpb_wrapper\">\n\t<div class=\"wpb_text_column wpb_content_element\" >\n\t\t<div class=\"wpb_wrapper\">\n\t\t\t<h2>ENV\u00cdO DE LOS PRODUCTOS Y DEVOLUCIONES<\/h2>\n\n\t\t<\/div>\n\t<\/div>\n<div class=\"vc_tta-container\" data-vc-action=\"collapse\"><div class=\"vc_general vc_tta vc_tta-accordion vc_tta-color-grey vc_tta-style-classic vc_tta-shape-rounded vc_tta-o-shape-group vc_tta-controls-align-left\"><div class=\"vc_tta-panels-container\"><div class=\"vc_tta-panels\"><div class=\"vc_tta-panel vc_active\" id=\"Env\u00edos y Devoluciones\" data-vc-content=\".vc_tta-panel-body\"><div class=\"vc_tta-panel-heading\"><h4 class=\"vc_tta-panel-title vc_tta-controls-icon-position-left\"><a href=\"#Env\u00edos y Devoluciones\" data-vc-accordion data-vc-container=\".vc_tta-container\"><span class=\"vc_tta-title-text\">Env\u00edo de los Productos y Devoluciones<\/span><i class=\"vc_tta-controls-icon vc_tta-controls-icon-plus\"><\/i><\/a><\/h4><\/div><div class=\"vc_tta-panel-body\">\n\t<div class=\"wpb_text_column wpb_content_element\" >\n\t\t<div class=\"wpb_wrapper\">\n\t\t\t<p>El env\u00edo se realizar\u00e1 a la direcci\u00f3n especificada por el comprador. Tras completarse el formulario correspondiente y confirmarse la recepci\u00f3n del pedido, An\u00edbal de Otero enviar\u00e1 un correo electr\u00f3nico de acuse de recibo del pedido y de confirmaci\u00f3n de la compra realizada. Es responsabilidad del usuario que pueda llevarse a cabo la entrega en la direcci\u00f3n indicada durante el horario laboral en el que las empresas de mensajer\u00eda realizan sus entregas. En aplicaci\u00f3n de la legislaci\u00f3n vigente, el comprador tendr\u00e1 un plazo de 14 d\u00edas h\u00e1biles contados desde la recepci\u00f3n del producto, a efectos de proceder a la devoluci\u00f3n del mismo. Para ejercer el derecho a devoluci\u00f3n, los art\u00edculos deben enviarse en perfecto estado. Recibido el art\u00edculo, y comprobado su estado, se confirmar\u00e1 la devoluci\u00f3n, reembolsando el importe previamente pagado en el mismo medio de pago en que se realiz\u00f3 la compra.<\/p>\n\n\t\t<\/div>\n\t<\/div>\n<\/div><\/div><div class=\"vc_tta-panel\" id=\"delimitacion-responsabilidades\" data-vc-content=\".vc_tta-panel-body\"><div class=\"vc_tta-panel-heading\"><h4 class=\"vc_tta-panel-title vc_tta-controls-icon-position-left\"><a href=\"#delimitacion-responsabilidades\" data-vc-accordion data-vc-container=\".vc_tta-container\"><span class=\"vc_tta-title-text\">Delimitaci\u00f3n de Responsabilidades<\/span><i class=\"vc_tta-controls-icon vc_tta-controls-icon-plus\"><\/i><\/a><\/h4><\/div><div class=\"vc_tta-panel-body\">\n\t<div class=\"wpb_text_column wpb_content_element\" >\n\t\t<div class=\"wpb_wrapper\">\n\t\t\t<p>An\u00edbal de Otero se exime de toda clase de responsabilidad en los siguientes casos: An\u00edbal de Otero actuar\u00e1 con la m\u00e1xima diligencia a efectos de poner a disposici\u00f3n del operador log\u00edstico encargado del transporte, el art\u00edculo seleccionado. Sin embargo, no se responsabiliza por perjuicios provenientes de un mal funcionamiento del transporte, especialmente por causas tales como huelgas, retenciones en carreteras, y en general cualquier otras propia del sector, que deriven en retrasos, p\u00e9rdidas o hurtos del producto escogido.<\/p>\n\n\t\t<\/div>\n\t<\/div>\n<\/div><\/div><div class=\"vc_tta-panel\" id=\"1605456132041-870fcb0e-2364\" data-vc-content=\".vc_tta-panel-body\"><div class=\"vc_tta-panel-heading\"><h4 class=\"vc_tta-panel-title vc_tta-controls-icon-position-left\"><a href=\"#1605456132041-870fcb0e-2364\" data-vc-accordion data-vc-container=\".vc_tta-container\"><span class=\"vc_tta-title-text\">Registro de Usuarios<\/span><i class=\"vc_tta-controls-icon vc_tta-controls-icon-plus\"><\/i><\/a><\/h4><\/div><div class=\"vc_tta-panel-body\">\n\t<div class=\"wpb_text_column wpb_content_element\" >\n\t\t<div class=\"wpb_wrapper\">\n\t\t\t<p>Para acceder como usuario registrado deber\u00e1 cumplimentar el formulario de registro de forma \u00edntegra, correcta y veraz. Ser\u00e1 requisito imprescindible ser mayor de 18 a\u00f1os. Los menores de 18 a\u00f1os que han de tener el permiso de sus padres o tutores para proporcionar datos personales en este sitio web. Queda estrictamente prohibido incorporar datos de terceras personas ni a\u00fan mediando su consentimiento. Ser\u00e1 de exclusiva responsabilidad de cada usuario registrado la actualizaci\u00f3n de sus datos, as\u00ed como la custodia de su nombre de usuario y contrase\u00f1a.<\/p>\n\n\t\t<\/div>\n\t<\/div>\n<\/div><\/div><div class=\"vc_tta-panel\" id=\"garantia-devoluciones\" data-vc-content=\".vc_tta-panel-body\"><div class=\"vc_tta-panel-heading\"><h4 class=\"vc_tta-panel-title vc_tta-controls-icon-position-left\"><a href=\"#garantia-devoluciones\" data-vc-accordion data-vc-container=\".vc_tta-container\"><span class=\"vc_tta-title-text\">Garant\u00eda de Devoluciones<\/span><i class=\"vc_tta-controls-icon vc_tta-controls-icon-plus\"><\/i><\/a><\/h4><\/div><div class=\"vc_tta-panel-body\">\n\t<div class=\"wpb_text_column wpb_content_element\" >\n\t\t<div class=\"wpb_wrapper\">\n\t\t\t<p>Para devolver cualquier producto, se debe encontrar en las mismas condiciones en que usted lo recibi\u00f3, con todos sus accesorios y documentaci\u00f3n (factura o ticket de compra e instrucciones) y dentro de su embalaje original, por lo que no debe tirar nunca el embalaje de sus productos hasta comprobar que se encuentran en perfecto estado y verificar que todos los productos coinciden con los que pidi\u00f3, en el supuesto de que el cliente hubiese tirado el embalaje original, el producto podr\u00eda sufrir una depreciaci\u00f3n.<\/p>\n\n\t\t<\/div>\n\t<\/div>\n<\/div><\/div><\/div><\/div><\/div><\/div><\/div><\/div><\/div><\/div><div class=\"vc_row wpb_row vc_row-fluid\"><div class=\"wpb_column vc_column_container vc_col-sm-12\"><div class=\"vc_column-inner\"><div class=\"wpb_wrapper\">\n\t<div class=\"wpb_text_column wpb_content_element\" >\n\t\t<div class=\"wpb_wrapper\">\n\t\t\t<h2>POL\u00cdTICA DE PRIVACIDAD<\/h2>\n\n\t\t<\/div>\n\t<\/div>\n<div class=\"vc_tta-container\" data-vc-action=\"collapse\"><div class=\"vc_general vc_tta vc_tta-accordion vc_tta-color-grey vc_tta-style-classic vc_tta-shape-rounded vc_tta-o-shape-group vc_tta-controls-align-left\"><div class=\"vc_tta-panels-container\"><div class=\"vc_tta-panels\"><div class=\"vc_tta-panel vc_active\" id=\"datos-personales\" data-vc-content=\".vc_tta-panel-body\"><div class=\"vc_tta-panel-heading\"><h4 class=\"vc_tta-panel-title vc_tta-controls-icon-position-left\"><a href=\"#datos-personales\" data-vc-accordion data-vc-container=\".vc_tta-container\"><span class=\"vc_tta-title-text\">Protecci\u00f3n de Datos Personales<\/span><i class=\"vc_tta-controls-icon vc_tta-controls-icon-plus\"><\/i><\/a><\/h4><\/div><div class=\"vc_tta-panel-body\">\n\t<div class=\"wpb_text_column wpb_content_element\" >\n\t\t<div class=\"wpb_wrapper\">\n\t\t\t<p>Los datos de car\u00e1cter personal facilitados ser\u00e1n incorporados a un fichero responsabilidad de An\u00edbal de Otero con la finalidad de gestionar su registro y tramitar su pedido.<\/p>\n\n\t\t<\/div>\n\t<\/div>\n<\/div><\/div><div class=\"vc_tta-panel\" id=\"politica-privacidad\" data-vc-content=\".vc_tta-panel-body\"><div class=\"vc_tta-panel-heading\"><h4 class=\"vc_tta-panel-title vc_tta-controls-icon-position-left\"><a href=\"#politica-privacidad\" data-vc-accordion data-vc-container=\".vc_tta-container\"><span class=\"vc_tta-title-text\">Datenschutzbestimmungen<\/span><i class=\"vc_tta-controls-icon vc_tta-controls-icon-plus\"><\/i><\/a><\/h4><\/div><div class=\"vc_tta-panel-body\">\n\t<div class=\"wpb_text_column wpb_content_element\" >\n\t\t<div class=\"wpb_wrapper\">\n\t\t\t<p>En cumplimiento de las Leyes vigentes, los datos personales que nos suministres ser\u00e1n tratados de forma confidencial. Puedes ejercitar tus derechos de acceso, rectificaci\u00f3n, cancelaci\u00f3n y oposici\u00f3n.<\/p>\n\n\t\t<\/div>\n\t<\/div>\n<\/div><\/div><\/div><\/div><\/div><\/div><\/div><\/div><\/div><\/div><div class=\"vc_row wpb_row vc_row-fluid\"><div class=\"wpb_column vc_column_container vc_col-sm-12\"><div class=\"vc_column-inner\"><div class=\"wpb_wrapper\">\n\t<div class=\"wpb_text_column wpb_content_element\" >\n\t\t<div class=\"wpb_wrapper\">\n\t\t\t<h2>POL\u00cdTICA DE COOKIES<\/h2>\n\n\t\t<\/div>\n\t<\/div>\n<div class=\"vc_tta-container\" data-vc-action=\"collapse\"><div class=\"vc_general vc_tta vc_tta-accordion vc_tta-color-grey vc_tta-style-classic vc_tta-shape-rounded vc_tta-o-shape-group vc_tta-controls-align-left\"><div class=\"vc_tta-panels-container\"><div class=\"vc_tta-panels\"><div class=\"vc_tta-panel vc_active\" id=\"informacion-cookies\" data-vc-content=\".vc_tta-panel-body\"><div class=\"vc_tta-panel-heading\"><h4 class=\"vc_tta-panel-title vc_tta-controls-icon-position-left\"><a href=\"#informacion-cookies\" data-vc-accordion data-vc-container=\".vc_tta-container\"><span class=\"vc_tta-title-text\">Informaci\u00f3n Sobre Cookies<\/span><i class=\"vc_tta-controls-icon vc_tta-controls-icon-plus\"><\/i><\/a><\/h4><\/div><div class=\"vc_tta-panel-body\">\n\t<div class=\"wpb_text_column wpb_content_element\" >\n\t\t<div class=\"wpb_wrapper\">\n\t\t\t<p>Las cookies son una parte esencial del funcionamiento web. El objetivo principal es mejorar tu experiencia en la navegaci\u00f3n para identificarte, recordar preferencias (idioma, pa\u00eds, etc.), gestionar la cesta de la compra, etc. . En ning\u00fan caso se identifica informaci\u00f3n sensible como direcci\u00f3n, contrase\u00f1a, tarjeta de cr\u00e9dito, etc. o para dirigir publicidad. Las cookies pueden ser desactivadas aunque ello pudiera repercutir en una navegaci\u00f3n menos agradable. Puedes hacerlo modificando la configuraci\u00f3n de tu navegador. Habitualmente la configuraci\u00f3n de las cookies se realiza en el men\u00fa de \u201cPreferencias\u201d o \u201cHerramientas\u201d. Para m\u00e1s detalles sobre la configuraci\u00f3n de las cookies en tu navegador, consulta el men\u00fa \u201cAyuda\u201d del mismo.<\/p>\n\n\t\t<\/div>\n\t<\/div>\n<\/div><\/div><\/div><\/div><\/div><\/div><\/div><\/div><\/div><\/div>","protected":false},"excerpt":{"rendered":"<p>T\u00c9RMINOS Y CONDICIONES DE USO Condiciones de Uso El presente documento regula los t\u00e9rminos, condiciones y norma de uso del sitio www.anibaldeotero.es as\u00ed como las responsabilidades derivadas de la utilizaci\u00f3n de sus contenidos. El acceso y navegaci\u00f3n en el sitio supone las aceptaciones de las advertencias legales, condiciones y t\u00e9rminos de uso contenidas en ella. [&hellip;]<\/p>","protected":false},"author":1,"featured_media":0,"parent":0,"menu_order":0,"comment_status":"closed","ping_status":"closed","template":"","meta":{"footnotes":""},"yoast_head":"<!-- This site is optimized with the Yoast SEO plugin v22.3 - https:\/\/yoast.com\/wordpress\/plugins\/seo\/ -->\n<title>Normativa - An\u00edbal de Otero<\/title>\n<meta name=\"robots\" content=\"index, follow, max-snippet:-1, max-image-preview:large, max-video-preview:-1\" \/>\n<link rel=\"canonical\" href=\"https:\/\/anibaldeotero.es\/de\/normativa\/\" \/>\n<meta property=\"og:locale\" content=\"de_DE\" \/>\n<meta property=\"og:type\" content=\"article\" \/>\n<meta property=\"og:title\" content=\"Normativa - An\u00edbal de Otero\" \/>\n<meta property=\"og:description\" content=\"T\u00c9RMINOS Y CONDICIONES DE USO Condiciones de Uso El presente documento regula los t\u00e9rminos, condiciones y norma de uso del sitio www.anibaldeotero.es as\u00ed como las responsabilidades derivadas de la utilizaci\u00f3n de sus contenidos. El acceso y navegaci\u00f3n en el sitio supone las aceptaciones de las advertencias legales, condiciones y t\u00e9rminos de uso contenidas en ella. [&hellip;]\" \/>\n<meta property=\"og:url\" content=\"https:\/\/anibaldeotero.es\/de\/normativa\/\" \/>\n<meta property=\"og:site_name\" content=\"An\u00edbal de Otero\" \/>\n<meta property=\"article:modified_time\" content=\"2020-11-17T12:45:19+00:00\" \/>\n<meta name=\"twitter:card\" content=\"summary_large_image\" \/>\n<meta name=\"twitter:label1\" content=\"Gesch\u00e4tzte Lesezeit\" \/>\n\t<meta name=\"twitter:data1\" content=\"7\u00a0Minuten\" \/>\n<script type=\"application\/ld+json\" class=\"yoast-schema-graph\">{\"@context\":\"https:\/\/schema.org\",\"@graph\":[{\"@type\":\"WebPage\",\"@id\":\"https:\/\/anibaldeotero.es\/normativa\/\",\"url\":\"https:\/\/anibaldeotero.es\/normativa\/\",\"name\":\"Normativa - An\u00edbal de Otero\",\"isPartOf\":{\"@id\":\"https:\/\/anibaldeotero.es\/de\/#website\"},\"datePublished\":\"2020-11-15T15:38:09+00:00\",\"dateModified\":\"2020-11-17T12:45:19+00:00\",\"breadcrumb\":{\"@id\":\"https:\/\/anibaldeotero.es\/normativa\/#breadcrumb\"},\"inLanguage\":\"de\",\"potentialAction\":[{\"@type\":\"ReadAction\",\"target\":[\"https:\/\/anibaldeotero.es\/normativa\/\"]}]},{\"@type\":\"BreadcrumbList\",\"@id\":\"https:\/\/anibaldeotero.es\/normativa\/#breadcrumb\",\"itemListElement\":[{\"@type\":\"ListItem\",\"position\":1,\"name\":\"Portada\",\"item\":\"https:\/\/anibaldeotero.es\/\"},{\"@type\":\"ListItem\",\"position\":2,\"name\":\"Normativa\"}]},{\"@type\":\"WebSite\",\"@id\":\"https:\/\/anibaldeotero.es\/de\/#website\",\"url\":\"https:\/\/anibaldeotero.es\/de\/\",\"name\":\"An\u00edbal de Otero\",\"description\":\"Aut\u00e9ntico Vino del Bierzo\",\"potentialAction\":[{\"@type\":\"SearchAction\",\"target\":{\"@type\":\"EntryPoint\",\"urlTemplate\":\"https:\/\/anibaldeotero.es\/de\/?s={search_term_string}\"},\"query-input\":\"required name=search_term_string\"}],\"inLanguage\":\"de\"}]}<\/script>\n<!-- \/ Yoast SEO plugin. -->","yoast_head_json":{"title":"Normativa - An\u00edbal de Otero","robots":{"index":"index","follow":"follow","max-snippet":"max-snippet:-1","max-image-preview":"max-image-preview:large","max-video-preview":"max-video-preview:-1"},"canonical":"https:\/\/anibaldeotero.es\/de\/normativa\/","og_locale":"de_DE","og_type":"article","og_title":"Normativa - An\u00edbal de Otero","og_description":"T\u00c9RMINOS Y CONDICIONES DE USO Condiciones de Uso El presente documento regula los t\u00e9rminos, condiciones y norma de uso del sitio www.anibaldeotero.es as\u00ed como las responsabilidades derivadas de la utilizaci\u00f3n de sus contenidos. El acceso y navegaci\u00f3n en el sitio supone las aceptaciones de las advertencias legales, condiciones y t\u00e9rminos de uso contenidas en ella. [&hellip;]","og_url":"https:\/\/anibaldeotero.es\/de\/normativa\/","og_site_name":"An\u00edbal de Otero","article_modified_time":"2020-11-17T12:45:19+00:00","twitter_card":"summary_large_image","twitter_misc":{"Gesch\u00e4tzte Lesezeit":"7\u00a0Minuten"},"schema":{"@context":"https:\/\/schema.org","@graph":[{"@type":"WebPage","@id":"https:\/\/anibaldeotero.es\/normativa\/","url":"https:\/\/anibaldeotero.es\/normativa\/","name":"Normativa - An\u00edbal de Otero","isPartOf":{"@id":"https:\/\/anibaldeotero.es\/de\/#website"},"datePublished":"2020-11-15T15:38:09+00:00","dateModified":"2020-11-17T12:45:19+00:00","breadcrumb":{"@id":"https:\/\/anibaldeotero.es\/normativa\/#breadcrumb"},"inLanguage":"de","potentialAction":[{"@type":"ReadAction","target":["https:\/\/anibaldeotero.es\/normativa\/"]}]},{"@type":"BreadcrumbList","@id":"https:\/\/anibaldeotero.es\/normativa\/#breadcrumb","itemListElement":[{"@type":"ListItem","position":1,"name":"Portada","item":"https:\/\/anibaldeotero.es\/"},{"@type":"ListItem","position":2,"name":"Normativa"}]},{"@type":"WebSite","@id":"https:\/\/anibaldeotero.es\/de\/#website","url":"https:\/\/anibaldeotero.es\/de\/","name":"An\u00edbal de Otero","description":"Aut\u00e9ntico Vino del Bierzo","potentialAction":[{"@type":"SearchAction","target":{"@type":"EntryPoint","urlTemplate":"https:\/\/anibaldeotero.es\/de\/?s={search_term_string}"},"query-input":"required name=search_term_string"}],"inLanguage":"de"}]}},"_links":{"self":[{"href":"https:\/\/anibaldeotero.es\/de\/wp-json\/wp\/v2\/pages\/24181"}],"collection":[{"href":"https:\/\/anibaldeotero.es\/de\/wp-json\/wp\/v2\/pages"}],"about":[{"href":"https:\/\/anibaldeotero.es\/de\/wp-json\/wp\/v2\/types\/page"}],"author":[{"embeddable":true,"href":"https:\/\/anibaldeotero.es\/de\/wp-json\/wp\/v2\/users\/1"}],"replies":[{"embeddable":true,"href":"https:\/\/anibaldeotero.es\/de\/wp-json\/wp\/v2\/comments?post=24181"}],"version-history":[{"count":11,"href":"https:\/\/anibaldeotero.es\/de\/wp-json\/wp\/v2\/pages\/24181\/revisions"}],"predecessor-version":[{"id":24198,"href":"https:\/\/anibaldeotero.es\/de\/wp-json\/wp\/v2\/pages\/24181\/revisions\/24198"}],"wp:attachment":[{"href":"https:\/\/anibaldeotero.es\/de\/wp-json\/wp\/v2\/media?parent=24181"}],"curies":[{"name":"wp","href":"https:\/\/api.w.org\/{rel}","templated":true}]}}