{"id":7930,"date":"2017-06-20T11:32:24","date_gmt":"2017-06-20T11:32:24","guid":{"rendered":"http:\/\/s537082407.mialojamiento.es\/aotero\/?page_id=7930"},"modified":"2020-11-13T07:48:22","modified_gmt":"2020-11-13T06:48:22","slug":"contacto","status":"publish","type":"page","link":"https:\/\/anibaldeotero.es\/de\/contacto\/","title":{"rendered":"Kontakt"},"content":{"rendered":"<div data-vc-full-width=\"true\" data-vc-full-width-init=\"false\" class=\"vc_row wpb_row vc_row-fluid winery-contact vc_custom_1501490371780\"><div class=\"wpb_column vc_column_container vc_col-sm-12\"><div class=\"vc_column-inner\"><div class=\"wpb_wrapper\"><div class=\"vc_row wpb_row vc_inner vc_row-fluid vc_column-gap-35 vc_row-o-equal-height vc_row-o-content-middle vc_row-flex\"><div class=\"wpb_column vc_column_container vc_col-sm-2\"><div class=\"vc_column-inner\"><div class=\"wpb_wrapper\"><\/div><\/div><\/div><div class=\"wpb_column vc_column_container vc_col-sm-8 vc_col-has-fill\"><div class=\"vc_column-inner vc_custom_1498194679388\"><div class=\"wpb_wrapper\"><div class=\"ult-animation  ult-animate-viewport  ult-no-mobile\" data-animate=\"fadeIn\" data-animation-delay=\"0.3\" data-animation-duration=\"1\" data-animation-iteration=\"1\" style=\"opacity:0;\" data-opacity_start_effect=\"\"><h3 style=\"text-align: center\" class=\"vc_custom_heading dt-sc-skin-highlight-color\">WIR HELFEN IHNEN GERNE<\/h3><div class='dt-sc-small-separator aligncenter'><\/div><h4 style=\"text-align: center\" class=\"vc_custom_heading\">PERS\u00d6NLICHE BETREUUNG<\/h4>\n\t<div class=\"wpb_text_column wpb_content_element  vc_custom_1564239155255\" >\n\t\t<div class=\"wpb_wrapper\">\n\t\t\t<p style=\"text-align: center;\">Wir beraten Sie gerne, wenn Sie unschl\u00fcssig sind, welchen Wein Sie f\u00fcr Ihren Anlass w\u00e4hlen sollen, und stellen Ihnen alle Fragen, die Sie haben.<\/p>\n\n\t\t<\/div>\n\t<\/div>\n<div class=\"ult-spacer spacer-69d29ae70a0f4\" data-id=\"69d29ae70a0f4\" data-height=\"30\" data-height-mobile=\"30\" data-height-tab=\"30\" data-height-tab-portrait=\"\" data-height-mobile-landscape=\"\" style=\"clear:both;display:block;\"><\/div><h4 style=\"line-height: 30px;text-align: center\" class=\"vc_custom_heading vc_custom_1564238225070\">Telefon: +34 626 512 680<br \/>\nE-mail: info@anibaldeotero.es<\/h4><\/div><\/div><\/div><\/div><div class=\"wpb_column vc_column_container vc_col-sm-2\"><div class=\"vc_column-inner\"><div class=\"wpb_wrapper\"><\/div><\/div><\/div><\/div><\/div><\/div><\/div><\/div><div class=\"vc_row-full-width vc_clearfix\"><\/div><!-- Row Backgrounds --><div class=\"upb_bg_img\" data-ultimate-bg=\"url(https:\/\/anibaldeotero.es\/wp-content\/uploads\/2017\/06\/v7.jpg)\" data-image-id=\"id^9748|url^http:\/\/s537082407.mialojamiento.es\/aotero\/wp-content\/uploads\/2017\/06\/v7.jpg|caption^null|alt^null|title^v7|description^null\" data-ultimate-bg-style=\"vcpb-vz-jquery\" data-bg-img-repeat=\"repeat\" data-bg-img-size=\"cover\" data-bg-img-position=\"\" data-parallx_sense=\"30\" data-bg-override=\"0\" data-bg_img_attach=\"scroll\" data-upb-overlay-color=\"rgba(249,239,230,0.95)\" data-upb-bg-animation=\"\" data-fadeout=\"\" data-bg-animation=\"left-animation\" data-bg-animation-type=\"h\" data-animation-repeat=\"repeat\" data-fadeout-percentage=\"30\" data-parallax-content=\"\" data-parallax-content-sense=\"30\" data-row-effect-mobile-disable=\"true\" data-img-parallax-mobile-disable=\"true\" data-rtl=\"false\"  data-custom-vc-row=\"\"  data-vc=\"5.6\"  data-is_old_vc=\"\"  data-theme-support=\"\"   data-overlay=\"true\" data-overlay-color=\"rgba(249,239,230,0.95)\" data-overlay-pattern=\"\" data-overlay-pattern-opacity=\"0.8\" data-overlay-pattern-size=\"\" data-overlay-pattern-attachment=\"scroll\"    ><\/div><div data-vc-full-width=\"true\" data-vc-full-width-init=\"false\" class=\"vc_row wpb_row vc_row-fluid career wpb_animate_when_almost_visible wpb_fadeInUp fadeInUp vc_custom_1564239573437\"><div class=\"wpb_column vc_column_container vc_col-sm-12\"><div class=\"vc_column-inner\"><div class=\"wpb_wrapper\"><div class=\"vc_row wpb_row vc_inner vc_row-fluid\"><div class=\"wpb_column vc_column_container vc_col-sm-6 vc_col-has-fill\"><div class=\"vc_column-inner vc_custom_1501492651240\"><div class=\"wpb_wrapper\"><div class=\"ult-animation  ult-animate-viewport  ult-no-mobile\" data-animate=\"fadeInDown\" data-animation-delay=\"1\" data-animation-duration=\"1\" data-animation-iteration=\"1\" style=\"opacity:0;\" data-opacity_start_effect=\"\"><h3 style=\"text-align: left\" class=\"vc_custom_heading dt-sc-skin-highlight-color\">ANIBAL DE OTERO CLUB<\/h3>\n\t<div class=\"wpb_text_column wpb_content_element  vc_custom_1564236121129\" >\n\t\t<div class=\"wpb_wrapper\">\n\t\t\t<p>Werden Sie Mitglied im Club Anibal de Otero und profitieren Sie von den besten Angeboten, nehmen Sie an ausgew\u00e4hlten Wettbewerben teil und begeben Sie sich auf eine n\u00fctzliche Reise durch die Welt des Weins.<\/p>\n\n\t\t<\/div>\n\t<\/div>\n<ul class='dt-sc-fancy-list   arrow'>\n<li>Werden Sie Partner<strong>\u00a0<\/strong>@ <strong>An\u00edbal de Otero<\/strong><\/li>\n<li>Genie\u00dfen Sie Vorteile und Nutzen.<\/li>\n<li>Besuchen Sie die besten Weinveranstaltungen.<\/li>\n<\/ul><div class=\"ult-spacer spacer-69d29ae70d293\" data-id=\"69d29ae70d293\" data-height=\"30\" data-height-mobile=\"30\" data-height-tab=\"30\" data-height-tab-portrait=\"\" data-height-mobile-landscape=\"\" style=\"clear:both;display:block;\"><\/div><a href='http:\/\/s626116206.mialojamiento.es\/aotero\/club\/' target='_self' title='' class='dt-sc-button   small icon-right with-icon  fully-rounded-border  big-left' > \u00dcBER DEN CLUB <span class='fa fa-arrow-right'> <\/span><\/a><\/div><\/div><\/div><\/div><div class=\"wpb_column vc_column_container vc_col-sm-6\"><div class=\"vc_column-inner\"><div class=\"wpb_wrapper\"><\/div><\/div><\/div><\/div><\/div><\/div><\/div><\/div><div class=\"vc_row-full-width vc_clearfix\"><\/div><!-- Row Backgrounds --><div class=\"upb_bg_img\" data-ultimate-bg=\"url(https:\/\/anibaldeotero.es\/wp-content\/uploads\/2019\/07\/background_club.jpg)\" data-image-id=\"id^10288|url^http:\/\/s626116206.mialojamiento.es\/aotero\/wp-content\/uploads\/2019\/07\/background_club.jpg|caption^null|alt^null|title^background_club|description^null\" data-ultimate-bg-style=\"vcpb-vz-jquery\" data-bg-img-repeat=\"repeat\" data-bg-img-size=\"cover\" data-bg-img-position=\"\" data-parallx_sense=\"30\" data-bg-override=\"0\" data-bg_img_attach=\"scroll\" data-upb-overlay-color=\"\" data-upb-bg-animation=\"\" data-fadeout=\"\" data-bg-animation=\"left-animation\" data-bg-animation-type=\"h\" data-animation-repeat=\"repeat\" data-fadeout-percentage=\"30\" data-parallax-content=\"\" data-parallax-content-sense=\"30\" data-row-effect-mobile-disable=\"true\" data-img-parallax-mobile-disable=\"true\" data-rtl=\"false\"  data-custom-vc-row=\"\"  data-vc=\"5.6\"  data-is_old_vc=\"\"  data-theme-support=\"\"   data-overlay=\"false\" data-overlay-color=\"\" data-overlay-pattern=\"\" data-overlay-pattern-opacity=\"\" data-overlay-pattern-size=\"\"    ><\/div>","protected":false},"excerpt":{"rendered":"<p>ESTAMOS ENCANTADOS DE AYUDARTEASISTENCIA PERSONALIZADA Te orientamos si est\u00e1s indeciso sobre que vino escoger para la ocasi\u00f3n, preg\u00fantanos cualquier duda vit\u00edcola que te surja. Tel\u00e9fono: +34 626 512 680 E-mail: info@anibaldeotero.esCLUB ANIBAL DE OTERO \u00danete al club Anibal de Otero para aprovecharte de las mejores ofertas, participar en selectos concursos y emprender un camino en [&hellip;]<\/p>","protected":false},"author":1,"featured_media":0,"parent":0,"menu_order":0,"comment_status":"closed","ping_status":"closed","template":"","meta":{"footnotes":""},"yoast_head":"<!-- This site is optimized with the Yoast SEO plugin v22.3 - https:\/\/yoast.com\/wordpress\/plugins\/seo\/ -->\n<title>Contacto - An\u00edbal de Otero<\/title>\n<meta name=\"robots\" content=\"index, follow, max-snippet:-1, max-image-preview:large, max-video-preview:-1\" \/>\n<link rel=\"canonical\" href=\"https:\/\/anibaldeotero.es\/de\/contacto\/\" \/>\n<meta property=\"og:locale\" content=\"de_DE\" \/>\n<meta property=\"og:type\" content=\"article\" \/>\n<meta property=\"og:title\" content=\"Contacto - An\u00edbal de Otero\" \/>\n<meta property=\"og:description\" content=\"ESTAMOS ENCANTADOS DE AYUDARTEASISTENCIA PERSONALIZADA Te orientamos si est\u00e1s indeciso sobre que vino escoger para la ocasi\u00f3n, preg\u00fantanos cualquier duda vit\u00edcola que te surja. Tel\u00e9fono: +34 626 512 680 E-mail: info@anibaldeotero.esCLUB ANIBAL DE OTERO \u00danete al club Anibal de Otero para aprovecharte de las mejores ofertas, participar en selectos concursos y emprender un camino en [&hellip;]\" \/>\n<meta property=\"og:url\" content=\"https:\/\/anibaldeotero.es\/de\/contacto\/\" \/>\n<meta property=\"og:site_name\" content=\"An\u00edbal de Otero\" \/>\n<meta property=\"article:modified_time\" content=\"2020-11-13T06:48:22+00:00\" \/>\n<meta name=\"twitter:card\" content=\"summary_large_image\" \/>\n<meta name=\"twitter:label1\" content=\"Gesch\u00e4tzte Lesezeit\" \/>\n\t<meta name=\"twitter:data1\" content=\"2\u00a0Minuten\" \/>\n<script type=\"application\/ld+json\" class=\"yoast-schema-graph\">{\"@context\":\"https:\/\/schema.org\",\"@graph\":[{\"@type\":\"WebPage\",\"@id\":\"https:\/\/anibaldeotero.es\/contacto\/\",\"url\":\"https:\/\/anibaldeotero.es\/contacto\/\",\"name\":\"Contacto - An\u00edbal de Otero\",\"isPartOf\":{\"@id\":\"https:\/\/anibaldeotero.es\/de\/#website\"},\"datePublished\":\"2017-06-20T11:32:24+00:00\",\"dateModified\":\"2020-11-13T06:48:22+00:00\",\"breadcrumb\":{\"@id\":\"https:\/\/anibaldeotero.es\/contacto\/#breadcrumb\"},\"inLanguage\":\"de\",\"potentialAction\":[{\"@type\":\"ReadAction\",\"target\":[\"https:\/\/anibaldeotero.es\/contacto\/\"]}]},{\"@type\":\"BreadcrumbList\",\"@id\":\"https:\/\/anibaldeotero.es\/contacto\/#breadcrumb\",\"itemListElement\":[{\"@type\":\"ListItem\",\"position\":1,\"name\":\"Portada\",\"item\":\"https:\/\/anibaldeotero.es\/\"},{\"@type\":\"ListItem\",\"position\":2,\"name\":\"Contacto\"}]},{\"@type\":\"WebSite\",\"@id\":\"https:\/\/anibaldeotero.es\/de\/#website\",\"url\":\"https:\/\/anibaldeotero.es\/de\/\",\"name\":\"An\u00edbal de Otero\",\"description\":\"Aut\u00e9ntico Vino del Bierzo\",\"potentialAction\":[{\"@type\":\"SearchAction\",\"target\":{\"@type\":\"EntryPoint\",\"urlTemplate\":\"https:\/\/anibaldeotero.es\/de\/?s={search_term_string}\"},\"query-input\":\"required name=search_term_string\"}],\"inLanguage\":\"de\"}]}<\/script>\n<!-- \/ Yoast SEO plugin. -->","yoast_head_json":{"title":"Contacto - An\u00edbal de Otero","robots":{"index":"index","follow":"follow","max-snippet":"max-snippet:-1","max-image-preview":"max-image-preview:large","max-video-preview":"max-video-preview:-1"},"canonical":"https:\/\/anibaldeotero.es\/de\/contacto\/","og_locale":"de_DE","og_type":"article","og_title":"Contacto - An\u00edbal de Otero","og_description":"ESTAMOS ENCANTADOS DE AYUDARTEASISTENCIA PERSONALIZADA Te orientamos si est\u00e1s indeciso sobre que vino escoger para la ocasi\u00f3n, preg\u00fantanos cualquier duda vit\u00edcola que te surja. Tel\u00e9fono: +34 626 512 680 E-mail: info@anibaldeotero.esCLUB ANIBAL DE OTERO \u00danete al club Anibal de Otero para aprovecharte de las mejores ofertas, participar en selectos concursos y emprender un camino en [&hellip;]","og_url":"https:\/\/anibaldeotero.es\/de\/contacto\/","og_site_name":"An\u00edbal de Otero","article_modified_time":"2020-11-13T06:48:22+00:00","twitter_card":"summary_large_image","twitter_misc":{"Gesch\u00e4tzte Lesezeit":"2\u00a0Minuten"},"schema":{"@context":"https:\/\/schema.org","@graph":[{"@type":"WebPage","@id":"https:\/\/anibaldeotero.es\/contacto\/","url":"https:\/\/anibaldeotero.es\/contacto\/","name":"Contacto - An\u00edbal de Otero","isPartOf":{"@id":"https:\/\/anibaldeotero.es\/de\/#website"},"datePublished":"2017-06-20T11:32:24+00:00","dateModified":"2020-11-13T06:48:22+00:00","breadcrumb":{"@id":"https:\/\/anibaldeotero.es\/contacto\/#breadcrumb"},"inLanguage":"de","potentialAction":[{"@type":"ReadAction","target":["https:\/\/anibaldeotero.es\/contacto\/"]}]},{"@type":"BreadcrumbList","@id":"https:\/\/anibaldeotero.es\/contacto\/#breadcrumb","itemListElement":[{"@type":"ListItem","position":1,"name":"Portada","item":"https:\/\/anibaldeotero.es\/"},{"@type":"ListItem","position":2,"name":"Contacto"}]},{"@type":"WebSite","@id":"https:\/\/anibaldeotero.es\/de\/#website","url":"https:\/\/anibaldeotero.es\/de\/","name":"An\u00edbal de Otero","description":"Aut\u00e9ntico Vino del Bierzo","potentialAction":[{"@type":"SearchAction","target":{"@type":"EntryPoint","urlTemplate":"https:\/\/anibaldeotero.es\/de\/?s={search_term_string}"},"query-input":"required name=search_term_string"}],"inLanguage":"de"}]}},"_links":{"self":[{"href":"https:\/\/anibaldeotero.es\/de\/wp-json\/wp\/v2\/pages\/7930"}],"collection":[{"href":"https:\/\/anibaldeotero.es\/de\/wp-json\/wp\/v2\/pages"}],"about":[{"href":"https:\/\/anibaldeotero.es\/de\/wp-json\/wp\/v2\/types\/page"}],"author":[{"embeddable":true,"href":"https:\/\/anibaldeotero.es\/de\/wp-json\/wp\/v2\/users\/1"}],"replies":[{"embeddable":true,"href":"https:\/\/anibaldeotero.es\/de\/wp-json\/wp\/v2\/comments?post=7930"}],"version-history":[{"count":21,"href":"https:\/\/anibaldeotero.es\/de\/wp-json\/wp\/v2\/pages\/7930\/revisions"}],"predecessor-version":[{"id":10704,"href":"https:\/\/anibaldeotero.es\/de\/wp-json\/wp\/v2\/pages\/7930\/revisions\/10704"}],"wp:attachment":[{"href":"https:\/\/anibaldeotero.es\/de\/wp-json\/wp\/v2\/media?parent=7930"}],"curies":[{"name":"wp","href":"https:\/\/api.w.org\/{rel}","templated":true}]}}