{"id":24473,"date":"2023-03-03T10:05:47","date_gmt":"2023-03-03T09:05:47","guid":{"rendered":"https:\/\/anibaldeotero.es\/?post_type=product&#038;p=24473"},"modified":"2024-09-03T23:21:29","modified_gmt":"2024-09-03T21:21:29","slug":"terrafondada-2020","status":"publish","type":"product","link":"https:\/\/anibaldeotero.es\/de\/produkt\/terrafondada-2020\/","title":{"rendered":"Terrafondada 2020"},"content":{"rendered":"<div class=\"page\" title=\"Page 1\">\n<div class=\"section\">\n<div class=\"layoutArea\">\n<div class=\"column\">\n<h5><em>env\u00edo gratuito a partir de 99\u20ac<\/em><\/h5>\n<p>Terrafondada ist ein Wein <strong>ausschlie\u00dflich aus alten Menc\u00eda-Reben hergestellt\u00a0<\/strong>die in dem gleichnamigen Gebiet wachsen. Er wird in ausgeh\u00f6hlten Eichenf\u00e4ssern hergestellt, die bis zum Rand gef\u00fcllt sind\u00a0<strong>mit von Hand entrappten Trauben,\u00a0<\/strong>mit einer Schere Korn f\u00fcr Korn durch den Blattstiel schneiden.<\/p>\n<p><strong>Der Lauf ist mit Kunststoff \u00fcberzogen<\/strong>\u00a0durch Befestigung mit einem Gummiband, so dass es hermetisch verschlossen ist und dass es\u00a0<strong>Die Weintrauben werden einer Kohlens\u00e4uremazeration unterzogen.<\/strong>\u00a0Am Ende des Prozesses sind die K\u00f6rner<strong>\u00a0werden auf traditionelle Weise getreten und anschlie\u00dfend gepresst<\/strong>anschlie\u00dfend wird die malolaktische G\u00e4rung durchgef\u00fchrt.<strong> in franz\u00f6sischen Eichenf\u00e4ssern von drei Weinen, wo er 20 Monate lang bleibt.<\/strong><\/p>\n<\/div>\n<\/div>\n<\/div>\n<\/div>","protected":false},"excerpt":{"rendered":"<h5><em>Schicken Sie uns eine E-Mail: info@anibaldeotero.es<\/em><\/h5>\n<p>Terrafondada ist ein Wein\u00a0<strong>ausschlie\u00dflich aus alten Menc\u00eda-Reben hergestellt\u00a0<\/strong>die in dem gleichnamigen Gebiet wachsen. Er wird in ausgeh\u00f6hlten Eichenf\u00e4ssern hergestellt, die bis zum Rand gef\u00fcllt sind\u00a0<strong>mit von Hand entrappten Trauben,\u00a0<\/strong>mit einer Schere Korn f\u00fcr Korn durch den Blattstiel schneiden.<\/p>\n<p><strong>Der Lauf ist mit Kunststoff \u00fcberzogen<\/strong>\u00a0durch Befestigung mit einem Gummiband, so dass es hermetisch verschlossen ist und dass es\u00a0<strong>Die Weintrauben werden einer Kohlens\u00e4uremazeration unterzogen.<\/strong>\u00a0Am Ende des Prozesses sind die K\u00f6rner<strong>\u00a0werden auf traditionelle Weise getreten und anschlie\u00dfend gepresst<\/strong>anschlie\u00dfend wird die malolaktische G\u00e4rung durchgef\u00fchrt.<strong> in franz\u00f6sischen Eichenf\u00e4ssern von drei Weinen, wo er 20 Monate lang bleibt.<\/strong><\/p>","protected":false},"featured_media":24660,"comment_status":"open","ping_status":"closed","template":"","meta":[],"yoast_head":"<!-- This site is optimized with the Yoast SEO plugin v22.3 - https:\/\/yoast.com\/wordpress\/plugins\/seo\/ -->\n<title>Terrafondada 2020 - An\u00edbal de Otero<\/title>\n<meta name=\"description\" content=\"En Villa de Otero embotellamos una emoci\u00f3n, un origen, un pueblo\u2026 seleccionamos cepas espec\u00edficas de diferentes parajes,todas dentro del municipio de Otero, nuestro pueblo, todas con m\u00e1s de 90 a\u00f1os.\" \/>\n<meta name=\"robots\" content=\"index, follow, max-snippet:-1, max-image-preview:large, max-video-preview:-1\" \/>\n<link rel=\"canonical\" href=\"https:\/\/anibaldeotero.es\/de\/produkt\/terrafondada-2020\/\" \/>\n<meta property=\"og:locale\" content=\"de_DE\" \/>\n<meta property=\"og:type\" content=\"article\" \/>\n<meta property=\"og:title\" content=\"Terrafondada 2020 - An\u00edbal de Otero\" \/>\n<meta property=\"og:description\" content=\"En Villa de Otero embotellamos una emoci\u00f3n, un origen, un pueblo\u2026 seleccionamos cepas espec\u00edficas de diferentes parajes,todas dentro del municipio de Otero, nuestro pueblo, todas con m\u00e1s de 90 a\u00f1os.\" \/>\n<meta property=\"og:url\" content=\"https:\/\/anibaldeotero.es\/de\/produkt\/terrafondada-2020\/\" \/>\n<meta property=\"og:site_name\" content=\"An\u00edbal de Otero\" \/>\n<meta property=\"article:modified_time\" content=\"2024-09-03T21:21:29+00:00\" \/>\n<meta property=\"og:image\" content=\"https:\/\/anibaldeotero.es\/wp-content\/uploads\/2023\/03\/Terrafondada-Vino.png\" \/>\n\t<meta property=\"og:image:width\" content=\"1050\" \/>\n\t<meta property=\"og:image:height\" content=\"1200\" \/>\n\t<meta property=\"og:image:type\" content=\"image\/png\" \/>\n<meta name=\"twitter:card\" content=\"summary_large_image\" \/>\n<meta name=\"twitter:label1\" content=\"Gesch\u00e4tzte Lesezeit\" \/>\n\t<meta name=\"twitter:data1\" content=\"1\u00a0Minute\" \/>\n<script type=\"application\/ld+json\" class=\"yoast-schema-graph\">{\"@context\":\"https:\/\/schema.org\",\"@graph\":[{\"@type\":\"WebPage\",\"@id\":\"https:\/\/anibaldeotero.es\/producto\/terrafondada-2020\/\",\"url\":\"https:\/\/anibaldeotero.es\/producto\/terrafondada-2020\/\",\"name\":\"Terrafondada 2020 - An\u00edbal de Otero\",\"isPartOf\":{\"@id\":\"https:\/\/anibaldeotero.es\/de\/#website\"},\"primaryImageOfPage\":{\"@id\":\"https:\/\/anibaldeotero.es\/producto\/terrafondada-2020\/#primaryimage\"},\"image\":{\"@id\":\"https:\/\/anibaldeotero.es\/producto\/terrafondada-2020\/#primaryimage\"},\"thumbnailUrl\":\"https:\/\/anibaldeotero.es\/wp-content\/uploads\/2023\/03\/Terrafondada-Vino.png\",\"datePublished\":\"2023-03-03T09:05:47+00:00\",\"dateModified\":\"2024-09-03T21:21:29+00:00\",\"description\":\"En Villa de Otero embotellamos una emoci\u00f3n, un origen, un pueblo\u2026 seleccionamos cepas espec\u00edficas de diferentes parajes,todas dentro del municipio de Otero, nuestro pueblo, todas con m\u00e1s de 90 a\u00f1os.\",\"breadcrumb\":{\"@id\":\"https:\/\/anibaldeotero.es\/producto\/terrafondada-2020\/#breadcrumb\"},\"inLanguage\":\"de\",\"potentialAction\":[{\"@type\":\"ReadAction\",\"target\":[\"https:\/\/anibaldeotero.es\/producto\/terrafondada-2020\/\"]}]},{\"@type\":\"ImageObject\",\"inLanguage\":\"de\",\"@id\":\"https:\/\/anibaldeotero.es\/producto\/terrafondada-2020\/#primaryimage\",\"url\":\"https:\/\/anibaldeotero.es\/wp-content\/uploads\/2023\/03\/Terrafondada-Vino.png\",\"contentUrl\":\"https:\/\/anibaldeotero.es\/wp-content\/uploads\/2023\/03\/Terrafondada-Vino.png\",\"width\":1050,\"height\":1200,\"caption\":\"Terrafondada Vino\"},{\"@type\":\"BreadcrumbList\",\"@id\":\"https:\/\/anibaldeotero.es\/producto\/terrafondada-2020\/#breadcrumb\",\"itemListElement\":[{\"@type\":\"ListItem\",\"position\":1,\"name\":\"Portada\",\"item\":\"https:\/\/anibaldeotero.es\/\"},{\"@type\":\"ListItem\",\"position\":2,\"name\":\"Tienda\",\"item\":\"https:\/\/anibaldeotero.es\/tienda\/\"},{\"@type\":\"ListItem\",\"position\":3,\"name\":\"Terrafondada 2020\"}]},{\"@type\":\"WebSite\",\"@id\":\"https:\/\/anibaldeotero.es\/de\/#website\",\"url\":\"https:\/\/anibaldeotero.es\/de\/\",\"name\":\"An\u00edbal de Otero\",\"description\":\"Aut\u00e9ntico Vino del Bierzo\",\"potentialAction\":[{\"@type\":\"SearchAction\",\"target\":{\"@type\":\"EntryPoint\",\"urlTemplate\":\"https:\/\/anibaldeotero.es\/de\/?s={search_term_string}\"},\"query-input\":\"required name=search_term_string\"}],\"inLanguage\":\"de\"}]}<\/script>\n<!-- \/ Yoast SEO plugin. -->","yoast_head_json":{"title":"Terrafondada 2020 - An\u00edbal de Otero","description":"En Villa de Otero embotellamos una emoci\u00f3n, un origen, un pueblo\u2026 seleccionamos cepas espec\u00edficas de diferentes parajes,todas dentro del municipio de Otero, nuestro pueblo, todas con m\u00e1s de 90 a\u00f1os.","robots":{"index":"index","follow":"follow","max-snippet":"max-snippet:-1","max-image-preview":"max-image-preview:large","max-video-preview":"max-video-preview:-1"},"canonical":"https:\/\/anibaldeotero.es\/de\/produkt\/terrafondada-2020\/","og_locale":"de_DE","og_type":"article","og_title":"Terrafondada 2020 - An\u00edbal de Otero","og_description":"En Villa de Otero embotellamos una emoci\u00f3n, un origen, un pueblo\u2026 seleccionamos cepas espec\u00edficas de diferentes parajes,todas dentro del municipio de Otero, nuestro pueblo, todas con m\u00e1s de 90 a\u00f1os.","og_url":"https:\/\/anibaldeotero.es\/de\/produkt\/terrafondada-2020\/","og_site_name":"An\u00edbal de Otero","article_modified_time":"2024-09-03T21:21:29+00:00","og_image":[{"width":1050,"height":1200,"url":"https:\/\/anibaldeotero.es\/wp-content\/uploads\/2023\/03\/Terrafondada-Vino.png","type":"image\/png"}],"twitter_card":"summary_large_image","twitter_misc":{"Gesch\u00e4tzte Lesezeit":"1\u00a0Minute"},"schema":{"@context":"https:\/\/schema.org","@graph":[{"@type":"WebPage","@id":"https:\/\/anibaldeotero.es\/producto\/terrafondada-2020\/","url":"https:\/\/anibaldeotero.es\/producto\/terrafondada-2020\/","name":"Terrafondada 2020 - An\u00edbal de Otero","isPartOf":{"@id":"https:\/\/anibaldeotero.es\/de\/#website"},"primaryImageOfPage":{"@id":"https:\/\/anibaldeotero.es\/producto\/terrafondada-2020\/#primaryimage"},"image":{"@id":"https:\/\/anibaldeotero.es\/producto\/terrafondada-2020\/#primaryimage"},"thumbnailUrl":"https:\/\/anibaldeotero.es\/wp-content\/uploads\/2023\/03\/Terrafondada-Vino.png","datePublished":"2023-03-03T09:05:47+00:00","dateModified":"2024-09-03T21:21:29+00:00","description":"En Villa de Otero embotellamos una emoci\u00f3n, un origen, un pueblo\u2026 seleccionamos cepas espec\u00edficas de diferentes parajes,todas dentro del municipio de Otero, nuestro pueblo, todas con m\u00e1s de 90 a\u00f1os.","breadcrumb":{"@id":"https:\/\/anibaldeotero.es\/producto\/terrafondada-2020\/#breadcrumb"},"inLanguage":"de","potentialAction":[{"@type":"ReadAction","target":["https:\/\/anibaldeotero.es\/producto\/terrafondada-2020\/"]}]},{"@type":"ImageObject","inLanguage":"de","@id":"https:\/\/anibaldeotero.es\/producto\/terrafondada-2020\/#primaryimage","url":"https:\/\/anibaldeotero.es\/wp-content\/uploads\/2023\/03\/Terrafondada-Vino.png","contentUrl":"https:\/\/anibaldeotero.es\/wp-content\/uploads\/2023\/03\/Terrafondada-Vino.png","width":1050,"height":1200,"caption":"Terrafondada Vino"},{"@type":"BreadcrumbList","@id":"https:\/\/anibaldeotero.es\/producto\/terrafondada-2020\/#breadcrumb","itemListElement":[{"@type":"ListItem","position":1,"name":"Portada","item":"https:\/\/anibaldeotero.es\/"},{"@type":"ListItem","position":2,"name":"Tienda","item":"https:\/\/anibaldeotero.es\/tienda\/"},{"@type":"ListItem","position":3,"name":"Terrafondada 2020"}]},{"@type":"WebSite","@id":"https:\/\/anibaldeotero.es\/de\/#website","url":"https:\/\/anibaldeotero.es\/de\/","name":"An\u00edbal de Otero","description":"Aut\u00e9ntico Vino del Bierzo","potentialAction":[{"@type":"SearchAction","target":{"@type":"EntryPoint","urlTemplate":"https:\/\/anibaldeotero.es\/de\/?s={search_term_string}"},"query-input":"required name=search_term_string"}],"inLanguage":"de"}]}},"_links":{"self":[{"href":"https:\/\/anibaldeotero.es\/de\/wp-json\/wp\/v2\/product\/24473"}],"collection":[{"href":"https:\/\/anibaldeotero.es\/de\/wp-json\/wp\/v2\/product"}],"about":[{"href":"https:\/\/anibaldeotero.es\/de\/wp-json\/wp\/v2\/types\/product"}],"replies":[{"embeddable":true,"href":"https:\/\/anibaldeotero.es\/de\/wp-json\/wp\/v2\/comments?post=24473"}],"wp:featuredmedia":[{"embeddable":true,"href":"https:\/\/anibaldeotero.es\/de\/wp-json\/wp\/v2\/media\/24660"}],"wp:attachment":[{"href":"https:\/\/anibaldeotero.es\/de\/wp-json\/wp\/v2\/media?parent=24473"}],"curies":[{"name":"wp","href":"https:\/\/api.w.org\/{rel}","templated":true}]}}