{"id":24685,"date":"2024-09-21T10:00:45","date_gmt":"2024-09-21T08:00:45","guid":{"rendered":"https:\/\/anibaldeotero.es\/?post_type=product&#038;p=24685"},"modified":"2025-05-29T02:39:46","modified_gmt":"2025-05-29T00:39:46","slug":"anibal-otero-rosado","status":"publish","type":"product","link":"https:\/\/anibaldeotero.es\/de\/produkt\/anibal-otero-rosado\/","title":{"rendered":"Anibal de Otero Rosado"},"content":{"rendered":"<p><span style=\"font-weight: 400;\">Elaborado exclusivamente con uva Menc\u00eda de cepas en vaso con una edad media de m\u00e1s\u00a0 de 90 a\u00f1os. Situadas en los alrededores del pueblo de Otero de Toral, en pendiente y\u00a0 altura. 500-600 metros de altitud. Cultivadas por la familia por m\u00e1s de 3 generaciones. Elaboraci\u00f3n tradicional por sangrado del dep\u00f3sito inmediatamente despu\u00e9s del\u00a0 despalillado y estrujado. Fermentaci\u00f3n en dep\u00f3sito peque\u00f1o de INOX.\u00a0<\/span><\/p>\n<p><b>DENOMINACI\u00d3N DE ORIGEN: <\/b><span style=\"font-weight: 400;\">BIERZO\u00a0<\/span><\/p>\n<p><b>VARIET\u00c4T: <\/b><span style=\"font-weight: 400;\">100% Menc\u00eda\u00a0<\/span><\/p>\n<p><b>VI\u00d1AS\u00a0<\/b><\/p>\n<p><span style=\"font-weight: 400;\">Peque\u00f1as parcelas de edad media superior a los 90 a\u00f1os. Agricultura artesanal\u00a0 sostenible con el m\u00e1ximo respeto por el medio ambiente.\u00a0<\/span><\/p>\n<p><b>SUELOS\u00a0<\/b><\/p>\n<p><span style=\"font-weight: 400;\">Arcilla, arena, pizarra y cantos rodados. Sotobosque, flores silvestres y plantas\u00a0 arom\u00e1Ccas.\u00a0<\/span><\/p>\n<p><b>CRIANZA\u00a0<\/b><\/p>\n<p><span style=\"font-weight: 400;\">Despu\u00e9s de la fermentaci\u00f3n, reposo de 8-10 meses en dep\u00f3sito de INOX.<\/span><\/p>\n<p><b>A\u00d1ADAS\u00a0<\/b><\/p>\n<p>2023.<\/p>\n<p><span style=\"font-weight: 400;\">Producci\u00f3n 800 botellas. Vendimia 13 sepCembre 2023. Embotellado julio 2024. Grado Alcoh\u00f3lico 12%; Acidez total: 5,2 g\/l; Acidez vol\u00e1til: 0,32 g\/; Az\u00facares residuales: 1,5 gr\/l;\u00a0 pH: 3,25\u00a0<\/span><\/p>","protected":false},"excerpt":{"rendered":"<p><span style=\"font-weight: 400;\">Elaborado exclusivamente con uva Menc\u00eda de cepas en vaso con una edad media de m\u00e1s\u00a0 de 90 a\u00f1os. Situadas en los alrededores del pueblo de Otero de Toral, en pendiente y\u00a0 altura. 500-600 metros de altitud. Cultivadas por la familia por m\u00e1s de 3 generaciones. Elaboraci\u00f3n tradicional por sangrado del dep\u00f3sito inmediatamente despu\u00e9s del\u00a0 despalillado y estrujado. Fermentaci\u00f3n en dep\u00f3sito peque\u00f1o de INOX.\u00a0<\/span><\/p>\n<p><span style=\"font-weight: 400;\">Producci\u00f3n 800 botellas. Vendimia 13 sepCembre 2023. Embotellado julio 2024. Grado Alcoh\u00f3lico 12%; Acidez total: 5,2 g\/l; Acidez vol\u00e1til: 0,32 g\/; Az\u00facares residuales: 1,5 gr\/l;\u00a0 pH: 3,25\u00a0<\/span><\/p>","protected":false},"featured_media":24678,"comment_status":"open","ping_status":"closed","template":"","meta":[],"yoast_head":"<!-- This site is optimized with the Yoast SEO plugin v22.3 - https:\/\/yoast.com\/wordpress\/plugins\/seo\/ -->\n<title>Anibal de Otero Rosado - An\u00edbal de Otero<\/title>\n<meta name=\"description\" content=\"An\u00edbal de Otero Rosado, elaborado exclusivamente con uva Menc\u00eda de cepas en vaso con una edad media de m\u00e1s de 90 a\u00f1os.\" \/>\n<meta name=\"robots\" content=\"index, follow, max-snippet:-1, max-image-preview:large, max-video-preview:-1\" \/>\n<link rel=\"canonical\" href=\"https:\/\/anibaldeotero.es\/de\/produkt\/anibal-otero-rosado\/\" \/>\n<meta property=\"og:locale\" content=\"de_DE\" \/>\n<meta property=\"og:type\" content=\"article\" \/>\n<meta property=\"og:title\" content=\"Anibal de Otero Rosado - An\u00edbal de Otero\" \/>\n<meta property=\"og:description\" content=\"An\u00edbal de Otero Rosado, elaborado exclusivamente con uva Menc\u00eda de cepas en vaso con una edad media de m\u00e1s de 90 a\u00f1os.\" \/>\n<meta property=\"og:url\" content=\"https:\/\/anibaldeotero.es\/de\/produkt\/anibal-otero-rosado\/\" \/>\n<meta property=\"og:site_name\" content=\"An\u00edbal de Otero\" \/>\n<meta property=\"article:modified_time\" content=\"2025-05-29T00:39:46+00:00\" \/>\n<meta property=\"og:image\" content=\"https:\/\/anibaldeotero.es\/wp-content\/uploads\/2024\/09\/Rosado-Wine-Anibal-de-Otero.png\" \/>\n\t<meta property=\"og:image:width\" content=\"1050\" \/>\n\t<meta property=\"og:image:height\" content=\"1200\" \/>\n\t<meta property=\"og:image:type\" content=\"image\/png\" \/>\n<meta name=\"twitter:card\" content=\"summary_large_image\" \/>\n<meta name=\"twitter:label1\" content=\"Gesch\u00e4tzte Lesezeit\" \/>\n\t<meta name=\"twitter:data1\" content=\"1\u00a0Minute\" \/>\n<script type=\"application\/ld+json\" class=\"yoast-schema-graph\">{\"@context\":\"https:\/\/schema.org\",\"@graph\":[{\"@type\":\"WebPage\",\"@id\":\"https:\/\/anibaldeotero.es\/producto\/anibal-otero-rosado\/\",\"url\":\"https:\/\/anibaldeotero.es\/producto\/anibal-otero-rosado\/\",\"name\":\"Anibal de Otero Rosado - An\u00edbal de Otero\",\"isPartOf\":{\"@id\":\"https:\/\/anibaldeotero.es\/de\/#website\"},\"primaryImageOfPage\":{\"@id\":\"https:\/\/anibaldeotero.es\/producto\/anibal-otero-rosado\/#primaryimage\"},\"image\":{\"@id\":\"https:\/\/anibaldeotero.es\/producto\/anibal-otero-rosado\/#primaryimage\"},\"thumbnailUrl\":\"https:\/\/anibaldeotero.es\/wp-content\/uploads\/2024\/09\/Rosado-Wine-Anibal-de-Otero.png\",\"datePublished\":\"2024-09-21T08:00:45+00:00\",\"dateModified\":\"2025-05-29T00:39:46+00:00\",\"description\":\"An\u00edbal de Otero Rosado, elaborado exclusivamente con uva Menc\u00eda de cepas en vaso con una edad media de m\u00e1s de 90 a\u00f1os.\",\"breadcrumb\":{\"@id\":\"https:\/\/anibaldeotero.es\/producto\/anibal-otero-rosado\/#breadcrumb\"},\"inLanguage\":\"de\",\"potentialAction\":[{\"@type\":\"ReadAction\",\"target\":[\"https:\/\/anibaldeotero.es\/producto\/anibal-otero-rosado\/\"]}]},{\"@type\":\"ImageObject\",\"inLanguage\":\"de\",\"@id\":\"https:\/\/anibaldeotero.es\/producto\/anibal-otero-rosado\/#primaryimage\",\"url\":\"https:\/\/anibaldeotero.es\/wp-content\/uploads\/2024\/09\/Rosado-Wine-Anibal-de-Otero.png\",\"contentUrl\":\"https:\/\/anibaldeotero.es\/wp-content\/uploads\/2024\/09\/Rosado-Wine-Anibal-de-Otero.png\",\"width\":1050,\"height\":1200},{\"@type\":\"BreadcrumbList\",\"@id\":\"https:\/\/anibaldeotero.es\/producto\/anibal-otero-rosado\/#breadcrumb\",\"itemListElement\":[{\"@type\":\"ListItem\",\"position\":1,\"name\":\"Portada\",\"item\":\"https:\/\/anibaldeotero.es\/\"},{\"@type\":\"ListItem\",\"position\":2,\"name\":\"Tienda\",\"item\":\"https:\/\/anibaldeotero.es\/tienda\/\"},{\"@type\":\"ListItem\",\"position\":3,\"name\":\"Anibal de Otero Rosado\"}]},{\"@type\":\"WebSite\",\"@id\":\"https:\/\/anibaldeotero.es\/de\/#website\",\"url\":\"https:\/\/anibaldeotero.es\/de\/\",\"name\":\"An\u00edbal de Otero\",\"description\":\"Aut\u00e9ntico Vino del Bierzo\",\"potentialAction\":[{\"@type\":\"SearchAction\",\"target\":{\"@type\":\"EntryPoint\",\"urlTemplate\":\"https:\/\/anibaldeotero.es\/de\/?s={search_term_string}\"},\"query-input\":\"required name=search_term_string\"}],\"inLanguage\":\"de\"}]}<\/script>\n<!-- \/ Yoast SEO plugin. -->","yoast_head_json":{"title":"Anibal de Otero Rosado - An\u00edbal de Otero","description":"An\u00edbal de Otero Rosado, elaborado exclusivamente con uva Menc\u00eda de cepas en vaso con una edad media de m\u00e1s de 90 a\u00f1os.","robots":{"index":"index","follow":"follow","max-snippet":"max-snippet:-1","max-image-preview":"max-image-preview:large","max-video-preview":"max-video-preview:-1"},"canonical":"https:\/\/anibaldeotero.es\/de\/produkt\/anibal-otero-rosado\/","og_locale":"de_DE","og_type":"article","og_title":"Anibal de Otero Rosado - An\u00edbal de Otero","og_description":"An\u00edbal de Otero Rosado, elaborado exclusivamente con uva Menc\u00eda de cepas en vaso con una edad media de m\u00e1s de 90 a\u00f1os.","og_url":"https:\/\/anibaldeotero.es\/de\/produkt\/anibal-otero-rosado\/","og_site_name":"An\u00edbal de Otero","article_modified_time":"2025-05-29T00:39:46+00:00","og_image":[{"width":1050,"height":1200,"url":"https:\/\/anibaldeotero.es\/wp-content\/uploads\/2024\/09\/Rosado-Wine-Anibal-de-Otero.png","type":"image\/png"}],"twitter_card":"summary_large_image","twitter_misc":{"Gesch\u00e4tzte Lesezeit":"1\u00a0Minute"},"schema":{"@context":"https:\/\/schema.org","@graph":[{"@type":"WebPage","@id":"https:\/\/anibaldeotero.es\/producto\/anibal-otero-rosado\/","url":"https:\/\/anibaldeotero.es\/producto\/anibal-otero-rosado\/","name":"Anibal de Otero Rosado - An\u00edbal de Otero","isPartOf":{"@id":"https:\/\/anibaldeotero.es\/de\/#website"},"primaryImageOfPage":{"@id":"https:\/\/anibaldeotero.es\/producto\/anibal-otero-rosado\/#primaryimage"},"image":{"@id":"https:\/\/anibaldeotero.es\/producto\/anibal-otero-rosado\/#primaryimage"},"thumbnailUrl":"https:\/\/anibaldeotero.es\/wp-content\/uploads\/2024\/09\/Rosado-Wine-Anibal-de-Otero.png","datePublished":"2024-09-21T08:00:45+00:00","dateModified":"2025-05-29T00:39:46+00:00","description":"An\u00edbal de Otero Rosado, elaborado exclusivamente con uva Menc\u00eda de cepas en vaso con una edad media de m\u00e1s de 90 a\u00f1os.","breadcrumb":{"@id":"https:\/\/anibaldeotero.es\/producto\/anibal-otero-rosado\/#breadcrumb"},"inLanguage":"de","potentialAction":[{"@type":"ReadAction","target":["https:\/\/anibaldeotero.es\/producto\/anibal-otero-rosado\/"]}]},{"@type":"ImageObject","inLanguage":"de","@id":"https:\/\/anibaldeotero.es\/producto\/anibal-otero-rosado\/#primaryimage","url":"https:\/\/anibaldeotero.es\/wp-content\/uploads\/2024\/09\/Rosado-Wine-Anibal-de-Otero.png","contentUrl":"https:\/\/anibaldeotero.es\/wp-content\/uploads\/2024\/09\/Rosado-Wine-Anibal-de-Otero.png","width":1050,"height":1200},{"@type":"BreadcrumbList","@id":"https:\/\/anibaldeotero.es\/producto\/anibal-otero-rosado\/#breadcrumb","itemListElement":[{"@type":"ListItem","position":1,"name":"Portada","item":"https:\/\/anibaldeotero.es\/"},{"@type":"ListItem","position":2,"name":"Tienda","item":"https:\/\/anibaldeotero.es\/tienda\/"},{"@type":"ListItem","position":3,"name":"Anibal de Otero Rosado"}]},{"@type":"WebSite","@id":"https:\/\/anibaldeotero.es\/de\/#website","url":"https:\/\/anibaldeotero.es\/de\/","name":"An\u00edbal de Otero","description":"Aut\u00e9ntico Vino del Bierzo","potentialAction":[{"@type":"SearchAction","target":{"@type":"EntryPoint","urlTemplate":"https:\/\/anibaldeotero.es\/de\/?s={search_term_string}"},"query-input":"required name=search_term_string"}],"inLanguage":"de"}]}},"_links":{"self":[{"href":"https:\/\/anibaldeotero.es\/de\/wp-json\/wp\/v2\/product\/24685"}],"collection":[{"href":"https:\/\/anibaldeotero.es\/de\/wp-json\/wp\/v2\/product"}],"about":[{"href":"https:\/\/anibaldeotero.es\/de\/wp-json\/wp\/v2\/types\/product"}],"replies":[{"embeddable":true,"href":"https:\/\/anibaldeotero.es\/de\/wp-json\/wp\/v2\/comments?post=24685"}],"wp:featuredmedia":[{"embeddable":true,"href":"https:\/\/anibaldeotero.es\/de\/wp-json\/wp\/v2\/media\/24678"}],"wp:attachment":[{"href":"https:\/\/anibaldeotero.es\/de\/wp-json\/wp\/v2\/media?parent=24685"}],"curies":[{"name":"wp","href":"https:\/\/api.w.org\/{rel}","templated":true}]}}