{"id":7753,"date":"2017-06-12T08:36:28","date_gmt":"2017-06-12T08:36:28","guid":{"rendered":"http:\/\/s537082407.mialojamiento.es\/aotero\/?page_id=7753"},"modified":"2024-11-06T22:34:13","modified_gmt":"2024-11-06T21:34:13","slug":"club","status":"publish","type":"page","link":"https:\/\/anibaldeotero.es\/en\/club\/","title":{"rendered":"Club"},"content":{"rendered":"<div class=\"vc_row wpb_row vc_row-fluid\"><div class=\"wpb_column vc_column_container vc_col-sm-4\"><div class=\"vc_column-inner vc_custom_1501145562625\"><div class=\"wpb_wrapper\"><div class=\"ult-animation  ult-animate-viewport  ult-no-mobile\" data-animate=\"fadeInLeft\" data-animation-delay=\"0.5\" data-animation-duration=\"1\" data-animation-iteration=\"1\" style=\"opacity:0;\" data-opacity_start_effect=\"\"><div class='dt-sc-title script-with-sub-title'><h2>Anibal de Otero<\/h2><h3>Club sobre vino<\/h3><\/div>\n\t<div class=\"wpb_text_column wpb_content_element  aligncenter\" >\n\t\t<div class=\"wpb_wrapper\">\n\t\t\t<div class=\"wpb_text_column wpb_content_element vc_custom_1564236121129 animated fadeInDown\">\n<div class=\"wpb_wrapper\">\n<p>Join the club Anibal de Otero to Benefit from the best deals, be able to participate in selected competitions and begin a way to improve the culture of winegrowing.<\/p>\n<\/div>\n<\/div>\n<ul class=\"dt-sc-fancy-list arrow animated fadeInDown\">\n<li>Become a partner<strong>\u00a0<\/strong>@\u00a0<strong>An\u00edbal de Otero<\/strong><\/li>\n<li>.Enjoy benefits and advantages.<\/li>\n<li>Assist the best events about wine.<\/li>\n<\/ul>\n\n\t\t<\/div>\n\t<\/div>\n<div class=\"ult-spacer spacer-69e7e1efe0d64\" data-id=\"69e7e1efe0d64\" data-height=\"30\" data-height-mobile=\"30\" data-height-tab=\"30\" data-height-tab-portrait=\"\" data-height-mobile-landscape=\"\" style=\"clear:both;display:block;\"><\/div><a href='#' target='_self' title='' class='dt-sc-button   medium icon-right with-icon  fully-rounded-border' > Informaci\u00f3n del Club <span class='fa fa-arrow-right'> <\/span><\/a><div class=\"ult-spacer spacer-69e7e1efe0da7\" data-id=\"69e7e1efe0da7\" data-height=\"30\" data-height-mobile=\"30\" data-height-tab=\"30\" data-height-tab-portrait=\"\" data-height-mobile-landscape=\"\" style=\"clear:both;display:block;\"><\/div><\/div><\/div><\/div><\/div><div class=\"wpb_column vc_column_container vc_col-sm-8\"><div class=\"vc_column-inner\"><div class=\"wpb_wrapper\"><div class=\"ult-animation  ult-animate-viewport  ult-no-mobile\" data-animate=\"fadeInRight\" data-animation-delay=\"0.5\" data-animation-duration=\"1\" data-animation-iteration=\"1\" style=\"opacity:0;\" data-opacity_start_effect=\"\"><div id=\"ult-carousel-43370007469e7e1efe13a1\" class=\"ult-carousel-wrapper   ult_horizontal\" data-gutter=\"15\" data-rtl=\"false\" ><div class=\"ult-carousel-201448840469e7e1efe0f76\" ><div class=\"ult-item-wrap\" data-animation=\"animated no-animation\">\n\t<div  class=\"wpb_single_image wpb_content_element vc_align_left\">\n\t\t\n\t\t<figure class=\"wpb_wrapper vc_figure\">\n\t\t\t<div class=\"vc_single_image-wrapper   vc_box_border_grey\"><img decoding=\"async\" width=\"1920\" height=\"1280\" src=\"https:\/\/anibaldeotero.es\/wp-content\/uploads\/2019\/09\/background_maintenance_mod.jpg\" class=\"vc_single_image-img attachment-full\" alt=\"\" srcset=\"https:\/\/anibaldeotero.es\/wp-content\/uploads\/2019\/09\/background_maintenance_mod.jpg 1920w, https:\/\/anibaldeotero.es\/wp-content\/uploads\/2019\/09\/background_maintenance_mod-300x200.jpg 300w, https:\/\/anibaldeotero.es\/wp-content\/uploads\/2019\/09\/background_maintenance_mod-768x512.jpg 768w, https:\/\/anibaldeotero.es\/wp-content\/uploads\/2019\/09\/background_maintenance_mod-1024x683.jpg 1024w, https:\/\/anibaldeotero.es\/wp-content\/uploads\/2019\/09\/background_maintenance_mod-500x333.jpg 500w\" sizes=\"(max-width: 1920px) 100vw, 1920px\" \/><\/div>\n\t\t<\/figure>\n\t<\/div>\n<\/div><div class=\"ult-item-wrap\" data-animation=\"animated no-animation\">\n\t<div  class=\"wpb_single_image wpb_content_element vc_align_left\">\n\t\t\n\t\t<figure class=\"wpb_wrapper vc_figure\">\n\t\t\t<div class=\"vc_single_image-wrapper   vc_box_border_grey\"><img decoding=\"async\" width=\"1444\" height=\"1067\" src=\"https:\/\/anibaldeotero.es\/wp-content\/uploads\/2024\/11\/Club-Anibal-de-Otero.jpg\" class=\"vc_single_image-img attachment-full\" alt=\"Club Anibal de Otero\" srcset=\"https:\/\/anibaldeotero.es\/wp-content\/uploads\/2024\/11\/Club-Anibal-de-Otero.jpg 1444w, https:\/\/anibaldeotero.es\/wp-content\/uploads\/2024\/11\/Club-Anibal-de-Otero-300x222.jpg 300w, https:\/\/anibaldeotero.es\/wp-content\/uploads\/2024\/11\/Club-Anibal-de-Otero-1024x757.jpg 1024w, https:\/\/anibaldeotero.es\/wp-content\/uploads\/2024\/11\/Club-Anibal-de-Otero-768x567.jpg 768w, https:\/\/anibaldeotero.es\/wp-content\/uploads\/2024\/11\/Club-Anibal-de-Otero-16x12.jpg 16w, https:\/\/anibaldeotero.es\/wp-content\/uploads\/2024\/11\/Club-Anibal-de-Otero-500x369.jpg 500w\" sizes=\"(max-width: 1444px) 100vw, 1444px\" \/><\/div>\n\t\t<\/figure>\n\t<\/div>\n<\/div><\/div><\/div>\t\t\t<script type=\"text\/javascript\">\n\t\t\t\tjQuery(document).ready(function ($) {\n\t\t\t\t\tif( typeof jQuery('.ult-carousel-201448840469e7e1efe0f76').slick == \"function\"){\n\t\t\t\t\t\t$('.ult-carousel-201448840469e7e1efe0f76').slick({dots: false,autoplay: true,autoplaySpeed: 5000,speed: 300,infinite: true,arrows: false,slidesToScroll:1,slidesToShow:1,swipe: true,draggable: true,touchMove: true,pauseOnHover: true,pauseOnFocus: false,responsive: [\n\t\t\t\t\t\t\t{\n\t\t\t\t\t\t\t  breakpoint: 1026,\n\t\t\t\t\t\t\t  settings: {\n\t\t\t\t\t\t\t\tslidesToShow: 1,\n\t\t\t\t\t\t\t\tslidesToScroll: 1,  \n\t\t\t\t\t\t\t  }\n\t\t\t\t\t\t\t},\n\t\t\t\t\t\t\t{\n\t\t\t\t\t\t\t  breakpoint: 1025,\n\t\t\t\t\t\t\t  settings: {\n\t\t\t\t\t\t\t\tslidesToShow: 1,\n\t\t\t\t\t\t\t\tslidesToScroll: 1\n\t\t\t\t\t\t\t  }\n\t\t\t\t\t\t\t},\n\t\t\t\t\t\t\t{\n\t\t\t\t\t\t\t  breakpoint: 760,\n\t\t\t\t\t\t\t  settings: {\n\t\t\t\t\t\t\t\tslidesToShow: 1,\n\t\t\t\t\t\t\t\tslidesToScroll: 1\n\t\t\t\t\t\t\t  }\n\t\t\t\t\t\t\t}\n\t\t\t\t\t\t],pauseOnDotsHover: true,customPaging: function(slider, i) {\n                   return '<i type=\"button\" style= \"color:#333333;\" class=\"ultsl-record\" data-role=\"none\"><\/i>';\n                },});\n\t\t\t\t\t}\n\t\t\t\t});\n\t\t\t<\/script>\n\t\t\t<\/div><\/div><\/div><\/div><\/div>","protected":false},"excerpt":{"rendered":"<p>Anibal de OteroClub sobre vino \u00danete al club Anibal de Otero para aprovecharte de las mejores ofertas, participar en selectos concursos y emprender un camino en beneficio por el mundo vit\u00edcola. Convi\u00e9rtete en socio\u00a0@\u00a0An\u00edbal de Otero Disfruta de ventajas y beneficios. Asiste a los mejores eventos vit\u00edcolas. Informaci\u00f3n del Club<\/p>","protected":false},"author":1,"featured_media":0,"parent":0,"menu_order":0,"comment_status":"closed","ping_status":"closed","template":"","meta":{"footnotes":""},"yoast_head":"<!-- This site is optimized with the Yoast SEO plugin v22.3 - https:\/\/yoast.com\/wordpress\/plugins\/seo\/ -->\n<title>Club - An\u00edbal de Otero<\/title>\n<meta name=\"robots\" content=\"index, follow, max-snippet:-1, max-image-preview:large, max-video-preview:-1\" \/>\n<link rel=\"canonical\" href=\"https:\/\/anibaldeotero.es\/en\/club\/\" \/>\n<meta property=\"og:locale\" content=\"en_GB\" \/>\n<meta property=\"og:type\" content=\"article\" \/>\n<meta property=\"og:title\" content=\"Club - An\u00edbal de Otero\" \/>\n<meta property=\"og:description\" content=\"Anibal de OteroClub sobre vino \u00danete al club Anibal de Otero para aprovecharte de las mejores ofertas, participar en selectos concursos y emprender un camino en beneficio por el mundo vit\u00edcola. Convi\u00e9rtete en socio\u00a0@\u00a0An\u00edbal de Otero Disfruta de ventajas y beneficios. Asiste a los mejores eventos vit\u00edcolas. Informaci\u00f3n del Club\" \/>\n<meta property=\"og:url\" content=\"https:\/\/anibaldeotero.es\/en\/club\/\" \/>\n<meta property=\"og:site_name\" content=\"An\u00edbal de Otero\" \/>\n<meta property=\"article:modified_time\" content=\"2024-11-06T21:34:13+00:00\" \/>\n<meta name=\"twitter:card\" content=\"summary_large_image\" \/>\n<meta name=\"twitter:label1\" content=\"Estimated reading time\" \/>\n\t<meta name=\"twitter:data1\" content=\"1 minute\" \/>\n<script type=\"application\/ld+json\" class=\"yoast-schema-graph\">{\"@context\":\"https:\/\/schema.org\",\"@graph\":[{\"@type\":\"WebPage\",\"@id\":\"https:\/\/anibaldeotero.es\/club\/\",\"url\":\"https:\/\/anibaldeotero.es\/club\/\",\"name\":\"Club - An\u00edbal de Otero\",\"isPartOf\":{\"@id\":\"https:\/\/anibaldeotero.es\/de\/#website\"},\"datePublished\":\"2017-06-12T08:36:28+00:00\",\"dateModified\":\"2024-11-06T21:34:13+00:00\",\"breadcrumb\":{\"@id\":\"https:\/\/anibaldeotero.es\/club\/#breadcrumb\"},\"inLanguage\":\"en-GB\",\"potentialAction\":[{\"@type\":\"ReadAction\",\"target\":[\"https:\/\/anibaldeotero.es\/club\/\"]}]},{\"@type\":\"BreadcrumbList\",\"@id\":\"https:\/\/anibaldeotero.es\/club\/#breadcrumb\",\"itemListElement\":[{\"@type\":\"ListItem\",\"position\":1,\"name\":\"Portada\",\"item\":\"https:\/\/anibaldeotero.es\/\"},{\"@type\":\"ListItem\",\"position\":2,\"name\":\"Club\"}]},{\"@type\":\"WebSite\",\"@id\":\"https:\/\/anibaldeotero.es\/de\/#website\",\"url\":\"https:\/\/anibaldeotero.es\/de\/\",\"name\":\"An\u00edbal de Otero\",\"description\":\"Aut\u00e9ntico Vino del Bierzo\",\"potentialAction\":[{\"@type\":\"SearchAction\",\"target\":{\"@type\":\"EntryPoint\",\"urlTemplate\":\"https:\/\/anibaldeotero.es\/de\/?s={search_term_string}\"},\"query-input\":\"required name=search_term_string\"}],\"inLanguage\":\"en-GB\"}]}<\/script>\n<!-- \/ Yoast SEO plugin. -->","yoast_head_json":{"title":"Club - An\u00edbal de Otero","robots":{"index":"index","follow":"follow","max-snippet":"max-snippet:-1","max-image-preview":"max-image-preview:large","max-video-preview":"max-video-preview:-1"},"canonical":"https:\/\/anibaldeotero.es\/en\/club\/","og_locale":"en_GB","og_type":"article","og_title":"Club - An\u00edbal de Otero","og_description":"Anibal de OteroClub sobre vino \u00danete al club Anibal de Otero para aprovecharte de las mejores ofertas, participar en selectos concursos y emprender un camino en beneficio por el mundo vit\u00edcola. Convi\u00e9rtete en socio\u00a0@\u00a0An\u00edbal de Otero Disfruta de ventajas y beneficios. Asiste a los mejores eventos vit\u00edcolas. Informaci\u00f3n del Club","og_url":"https:\/\/anibaldeotero.es\/en\/club\/","og_site_name":"An\u00edbal de Otero","article_modified_time":"2024-11-06T21:34:13+00:00","twitter_card":"summary_large_image","twitter_misc":{"Estimated reading time":"1 minute"},"schema":{"@context":"https:\/\/schema.org","@graph":[{"@type":"WebPage","@id":"https:\/\/anibaldeotero.es\/club\/","url":"https:\/\/anibaldeotero.es\/club\/","name":"Club - An\u00edbal de Otero","isPartOf":{"@id":"https:\/\/anibaldeotero.es\/de\/#website"},"datePublished":"2017-06-12T08:36:28+00:00","dateModified":"2024-11-06T21:34:13+00:00","breadcrumb":{"@id":"https:\/\/anibaldeotero.es\/club\/#breadcrumb"},"inLanguage":"en-GB","potentialAction":[{"@type":"ReadAction","target":["https:\/\/anibaldeotero.es\/club\/"]}]},{"@type":"BreadcrumbList","@id":"https:\/\/anibaldeotero.es\/club\/#breadcrumb","itemListElement":[{"@type":"ListItem","position":1,"name":"Portada","item":"https:\/\/anibaldeotero.es\/"},{"@type":"ListItem","position":2,"name":"Club"}]},{"@type":"WebSite","@id":"https:\/\/anibaldeotero.es\/de\/#website","url":"https:\/\/anibaldeotero.es\/de\/","name":"An\u00edbal de Otero","description":"Aut\u00e9ntico Vino del Bierzo","potentialAction":[{"@type":"SearchAction","target":{"@type":"EntryPoint","urlTemplate":"https:\/\/anibaldeotero.es\/de\/?s={search_term_string}"},"query-input":"required name=search_term_string"}],"inLanguage":"en-GB"}]}},"_links":{"self":[{"href":"https:\/\/anibaldeotero.es\/en\/wp-json\/wp\/v2\/pages\/7753"}],"collection":[{"href":"https:\/\/anibaldeotero.es\/en\/wp-json\/wp\/v2\/pages"}],"about":[{"href":"https:\/\/anibaldeotero.es\/en\/wp-json\/wp\/v2\/types\/page"}],"author":[{"embeddable":true,"href":"https:\/\/anibaldeotero.es\/en\/wp-json\/wp\/v2\/users\/1"}],"replies":[{"embeddable":true,"href":"https:\/\/anibaldeotero.es\/en\/wp-json\/wp\/v2\/comments?post=7753"}],"version-history":[{"count":12,"href":"https:\/\/anibaldeotero.es\/en\/wp-json\/wp\/v2\/pages\/7753\/revisions"}],"predecessor-version":[{"id":24707,"href":"https:\/\/anibaldeotero.es\/en\/wp-json\/wp\/v2\/pages\/7753\/revisions\/24707"}],"wp:attachment":[{"href":"https:\/\/anibaldeotero.es\/en\/wp-json\/wp\/v2\/media?parent=7753"}],"curies":[{"name":"wp","href":"https:\/\/api.w.org\/{rel}","templated":true}]}}