{"id":24342,"date":"2022-05-11T10:18:39","date_gmt":"2022-05-11T08:18:39","guid":{"rendered":"https:\/\/anibaldeotero.es\/?post_type=product&#038;p=24342"},"modified":"2025-06-03T00:34:00","modified_gmt":"2025-06-02T22:34:00","slug":"ao-villa-de-otero-2019-magnum-descubre-esta-nueva-anada-en-un-formato-especial","status":"publish","type":"product","link":"https:\/\/anibaldeotero.es\/nl\/product\/ao-villa-de-otero-2019-magnum-descubre-esta-nueva-anada-en-un-formato-especial\/","title":{"rendered":"AO Villa de Otero 2019 Magnum"},"content":{"rendered":"<div class=\"page\" title=\"Page 1\">\n<div class=\"section\">\n<div class=\"layoutArea\">\n<div class=\"column\">\n<h5><em>env\u00edo gratuito a partir de 99\u20ac<\/em><\/h5>\n<p>Deze wijn is uitsluitend gemaakt met Mencia-druiven van vaassoorten met een gemiddelde leeftijd van meer dan 90 jaar. Gelegen rond de stad Otero de Toral, op een helling en een hoogte van 530 meter. van hoogte. Ze werden gedurende meer dan drie generaties onafgebroken door de familie geplant en verbouwd. Het terrein is een mengsel van klei en leisteen en grind. Onze prioriteit is het grootste respect voor de unieke kwaliteit van de druif. Al onze landbouw is biologisch volgens traditionele methoden. Na een korte rijping in semi-nieuwe Franse eikenhouten vaten is hij in de kelder blijven rusten. Het resultaat is deze wijn, met een uniek karakter dat diep verbonden is met het Bierzo-terroir.<\/p>\n<\/div>\n<\/div>\n<\/div>\n<\/div>","protected":false},"excerpt":{"rendered":"<p>Deze wijn is uitsluitend gemaakt met Mencia-druiven van vaassoorten, met een gemiddelde leeftijd van meer dan 90 jaar, gelegen rond de stad Otero, op hellingen en hoogten. Ze werden al meer dan drie generaties lang door de familie geplant en verbouwd, in een bodem die klei met leisteen mengt.<\/p>\n<p>Onze prioriteit is maximaal respect voor de unieke kwaliteit van onze druiven. Al onze landbouw is biologisch, volgens traditionele methoden.<\/p>\n<p>Na een korte rijping in semi-nieuwe Franse eikenhouten vaten heeft Villa de Otero 2017 nog 3 jaar in de wijnmakerij gelegen. Het resultaat is deze wijn met een uniek karakter, diep verbonden met de\u00a0<em>terroir<\/em> del Bierzo.<\/p>","protected":false},"featured_media":24343,"comment_status":"open","ping_status":"closed","template":"","meta":[],"yoast_head":"<!-- This site is optimized with the Yoast SEO plugin v22.3 - https:\/\/yoast.com\/wordpress\/plugins\/seo\/ -->\n<title>AO Villa de Otero 2019 Magnum - An\u00edbal de Otero<\/title>\n<meta name=\"description\" content=\"En Villa de Otero embotellamos una emoci\u00f3n, un origen, un pueblo\u2026 seleccionamos cepas espec\u00edficas de diferentes parajes,todas dentro del municipio de Otero, nuestro pueblo, todas con m\u00e1s de 90 a\u00f1os.\" \/>\n<meta name=\"robots\" content=\"index, follow, max-snippet:-1, max-image-preview:large, max-video-preview:-1\" \/>\n<link rel=\"canonical\" href=\"https:\/\/anibaldeotero.es\/nl\/product\/ao-villa-de-otero-2019-magnum-descubre-esta-nueva-anada-en-un-formato-especial\/\" \/>\n<meta property=\"og:locale\" content=\"nl_NL\" \/>\n<meta property=\"og:type\" content=\"article\" \/>\n<meta property=\"og:title\" content=\"AO Villa de Otero 2019 Magnum - An\u00edbal de Otero\" \/>\n<meta property=\"og:description\" content=\"En Villa de Otero embotellamos una emoci\u00f3n, un origen, un pueblo\u2026 seleccionamos cepas espec\u00edficas de diferentes parajes,todas dentro del municipio de Otero, nuestro pueblo, todas con m\u00e1s de 90 a\u00f1os.\" \/>\n<meta property=\"og:url\" content=\"https:\/\/anibaldeotero.es\/nl\/product\/ao-villa-de-otero-2019-magnum-descubre-esta-nueva-anada-en-un-formato-especial\/\" \/>\n<meta property=\"og:site_name\" content=\"An\u00edbal de Otero\" \/>\n<meta property=\"article:modified_time\" content=\"2025-06-02T22:34:00+00:00\" \/>\n<meta property=\"og:image\" content=\"https:\/\/anibaldeotero.es\/wp-content\/uploads\/2022\/05\/Otero-2019-Magnum.png\" \/>\n\t<meta property=\"og:image:width\" content=\"1000\" \/>\n\t<meta property=\"og:image:height\" content=\"1000\" \/>\n\t<meta property=\"og:image:type\" content=\"image\/png\" \/>\n<meta name=\"twitter:card\" content=\"summary_large_image\" \/>\n<meta name=\"twitter:label1\" content=\"Geschatte leestijd\" \/>\n\t<meta name=\"twitter:data1\" content=\"1 minuut\" \/>\n<script type=\"application\/ld+json\" class=\"yoast-schema-graph\">{\"@context\":\"https:\/\/schema.org\",\"@graph\":[{\"@type\":\"WebPage\",\"@id\":\"https:\/\/anibaldeotero.es\/producto\/ao-villa-de-otero-2019-magnum-descubre-esta-nueva-anada-en-un-formato-especial\/\",\"url\":\"https:\/\/anibaldeotero.es\/producto\/ao-villa-de-otero-2019-magnum-descubre-esta-nueva-anada-en-un-formato-especial\/\",\"name\":\"AO Villa de Otero 2019 Magnum - An\u00edbal de Otero\",\"isPartOf\":{\"@id\":\"https:\/\/anibaldeotero.es\/de\/#website\"},\"primaryImageOfPage\":{\"@id\":\"https:\/\/anibaldeotero.es\/producto\/ao-villa-de-otero-2019-magnum-descubre-esta-nueva-anada-en-un-formato-especial\/#primaryimage\"},\"image\":{\"@id\":\"https:\/\/anibaldeotero.es\/producto\/ao-villa-de-otero-2019-magnum-descubre-esta-nueva-anada-en-un-formato-especial\/#primaryimage\"},\"thumbnailUrl\":\"https:\/\/anibaldeotero.es\/wp-content\/uploads\/2022\/05\/Otero-2019-Magnum.png\",\"datePublished\":\"2022-05-11T08:18:39+00:00\",\"dateModified\":\"2025-06-02T22:34:00+00:00\",\"description\":\"En Villa de Otero embotellamos una emoci\u00f3n, un origen, un pueblo\u2026 seleccionamos cepas espec\u00edficas de diferentes parajes,todas dentro del municipio de Otero, nuestro pueblo, todas con m\u00e1s de 90 a\u00f1os.\",\"breadcrumb\":{\"@id\":\"https:\/\/anibaldeotero.es\/producto\/ao-villa-de-otero-2019-magnum-descubre-esta-nueva-anada-en-un-formato-especial\/#breadcrumb\"},\"inLanguage\":\"nl-NL\",\"potentialAction\":[{\"@type\":\"ReadAction\",\"target\":[\"https:\/\/anibaldeotero.es\/producto\/ao-villa-de-otero-2019-magnum-descubre-esta-nueva-anada-en-un-formato-especial\/\"]}]},{\"@type\":\"ImageObject\",\"inLanguage\":\"nl-NL\",\"@id\":\"https:\/\/anibaldeotero.es\/producto\/ao-villa-de-otero-2019-magnum-descubre-esta-nueva-anada-en-un-formato-especial\/#primaryimage\",\"url\":\"https:\/\/anibaldeotero.es\/wp-content\/uploads\/2022\/05\/Otero-2019-Magnum.png\",\"contentUrl\":\"https:\/\/anibaldeotero.es\/wp-content\/uploads\/2022\/05\/Otero-2019-Magnum.png\",\"width\":1000,\"height\":1000},{\"@type\":\"BreadcrumbList\",\"@id\":\"https:\/\/anibaldeotero.es\/producto\/ao-villa-de-otero-2019-magnum-descubre-esta-nueva-anada-en-un-formato-especial\/#breadcrumb\",\"itemListElement\":[{\"@type\":\"ListItem\",\"position\":1,\"name\":\"Portada\",\"item\":\"https:\/\/anibaldeotero.es\/\"},{\"@type\":\"ListItem\",\"position\":2,\"name\":\"Tienda\",\"item\":\"https:\/\/anibaldeotero.es\/tienda\/\"},{\"@type\":\"ListItem\",\"position\":3,\"name\":\"AO Villa de Otero 2019 Magnum\"}]},{\"@type\":\"WebSite\",\"@id\":\"https:\/\/anibaldeotero.es\/de\/#website\",\"url\":\"https:\/\/anibaldeotero.es\/de\/\",\"name\":\"An\u00edbal de Otero\",\"description\":\"Aut\u00e9ntico Vino del Bierzo\",\"potentialAction\":[{\"@type\":\"SearchAction\",\"target\":{\"@type\":\"EntryPoint\",\"urlTemplate\":\"https:\/\/anibaldeotero.es\/de\/?s={search_term_string}\"},\"query-input\":\"required name=search_term_string\"}],\"inLanguage\":\"nl-NL\"}]}<\/script>\n<!-- \/ Yoast SEO plugin. -->","yoast_head_json":{"title":"AO Villa de Otero 2019 Magnum - An\u00edbal de Otero","description":"En Villa de Otero embotellamos una emoci\u00f3n, un origen, un pueblo\u2026 seleccionamos cepas espec\u00edficas de diferentes parajes,todas dentro del municipio de Otero, nuestro pueblo, todas con m\u00e1s de 90 a\u00f1os.","robots":{"index":"index","follow":"follow","max-snippet":"max-snippet:-1","max-image-preview":"max-image-preview:large","max-video-preview":"max-video-preview:-1"},"canonical":"https:\/\/anibaldeotero.es\/nl\/product\/ao-villa-de-otero-2019-magnum-descubre-esta-nueva-anada-en-un-formato-especial\/","og_locale":"nl_NL","og_type":"article","og_title":"AO Villa de Otero 2019 Magnum - An\u00edbal de Otero","og_description":"En Villa de Otero embotellamos una emoci\u00f3n, un origen, un pueblo\u2026 seleccionamos cepas espec\u00edficas de diferentes parajes,todas dentro del municipio de Otero, nuestro pueblo, todas con m\u00e1s de 90 a\u00f1os.","og_url":"https:\/\/anibaldeotero.es\/nl\/product\/ao-villa-de-otero-2019-magnum-descubre-esta-nueva-anada-en-un-formato-especial\/","og_site_name":"An\u00edbal de Otero","article_modified_time":"2025-06-02T22:34:00+00:00","og_image":[{"width":1000,"height":1000,"url":"https:\/\/anibaldeotero.es\/wp-content\/uploads\/2022\/05\/Otero-2019-Magnum.png","type":"image\/png"}],"twitter_card":"summary_large_image","twitter_misc":{"Geschatte leestijd":"1 minuut"},"schema":{"@context":"https:\/\/schema.org","@graph":[{"@type":"WebPage","@id":"https:\/\/anibaldeotero.es\/producto\/ao-villa-de-otero-2019-magnum-descubre-esta-nueva-anada-en-un-formato-especial\/","url":"https:\/\/anibaldeotero.es\/producto\/ao-villa-de-otero-2019-magnum-descubre-esta-nueva-anada-en-un-formato-especial\/","name":"AO Villa de Otero 2019 Magnum - An\u00edbal de Otero","isPartOf":{"@id":"https:\/\/anibaldeotero.es\/de\/#website"},"primaryImageOfPage":{"@id":"https:\/\/anibaldeotero.es\/producto\/ao-villa-de-otero-2019-magnum-descubre-esta-nueva-anada-en-un-formato-especial\/#primaryimage"},"image":{"@id":"https:\/\/anibaldeotero.es\/producto\/ao-villa-de-otero-2019-magnum-descubre-esta-nueva-anada-en-un-formato-especial\/#primaryimage"},"thumbnailUrl":"https:\/\/anibaldeotero.es\/wp-content\/uploads\/2022\/05\/Otero-2019-Magnum.png","datePublished":"2022-05-11T08:18:39+00:00","dateModified":"2025-06-02T22:34:00+00:00","description":"En Villa de Otero embotellamos una emoci\u00f3n, un origen, un pueblo\u2026 seleccionamos cepas espec\u00edficas de diferentes parajes,todas dentro del municipio de Otero, nuestro pueblo, todas con m\u00e1s de 90 a\u00f1os.","breadcrumb":{"@id":"https:\/\/anibaldeotero.es\/producto\/ao-villa-de-otero-2019-magnum-descubre-esta-nueva-anada-en-un-formato-especial\/#breadcrumb"},"inLanguage":"nl-NL","potentialAction":[{"@type":"ReadAction","target":["https:\/\/anibaldeotero.es\/producto\/ao-villa-de-otero-2019-magnum-descubre-esta-nueva-anada-en-un-formato-especial\/"]}]},{"@type":"ImageObject","inLanguage":"nl-NL","@id":"https:\/\/anibaldeotero.es\/producto\/ao-villa-de-otero-2019-magnum-descubre-esta-nueva-anada-en-un-formato-especial\/#primaryimage","url":"https:\/\/anibaldeotero.es\/wp-content\/uploads\/2022\/05\/Otero-2019-Magnum.png","contentUrl":"https:\/\/anibaldeotero.es\/wp-content\/uploads\/2022\/05\/Otero-2019-Magnum.png","width":1000,"height":1000},{"@type":"BreadcrumbList","@id":"https:\/\/anibaldeotero.es\/producto\/ao-villa-de-otero-2019-magnum-descubre-esta-nueva-anada-en-un-formato-especial\/#breadcrumb","itemListElement":[{"@type":"ListItem","position":1,"name":"Portada","item":"https:\/\/anibaldeotero.es\/"},{"@type":"ListItem","position":2,"name":"Tienda","item":"https:\/\/anibaldeotero.es\/tienda\/"},{"@type":"ListItem","position":3,"name":"AO Villa de Otero 2019 Magnum"}]},{"@type":"WebSite","@id":"https:\/\/anibaldeotero.es\/de\/#website","url":"https:\/\/anibaldeotero.es\/de\/","name":"An\u00edbal de Otero","description":"Aut\u00e9ntico Vino del Bierzo","potentialAction":[{"@type":"SearchAction","target":{"@type":"EntryPoint","urlTemplate":"https:\/\/anibaldeotero.es\/de\/?s={search_term_string}"},"query-input":"required name=search_term_string"}],"inLanguage":"nl-NL"}]}},"_links":{"self":[{"href":"https:\/\/anibaldeotero.es\/nl\/wp-json\/wp\/v2\/product\/24342"}],"collection":[{"href":"https:\/\/anibaldeotero.es\/nl\/wp-json\/wp\/v2\/product"}],"about":[{"href":"https:\/\/anibaldeotero.es\/nl\/wp-json\/wp\/v2\/types\/product"}],"replies":[{"embeddable":true,"href":"https:\/\/anibaldeotero.es\/nl\/wp-json\/wp\/v2\/comments?post=24342"}],"wp:featuredmedia":[{"embeddable":true,"href":"https:\/\/anibaldeotero.es\/nl\/wp-json\/wp\/v2\/media\/24343"}],"wp:attachment":[{"href":"https:\/\/anibaldeotero.es\/nl\/wp-json\/wp\/v2\/media?parent=24342"}],"curies":[{"name":"wp","href":"https:\/\/api.w.org\/{rel}","templated":true}]}}